{"id":14876,"date":"2022-04-06T14:46:33","date_gmt":"2022-04-06T11:46:33","guid":{"rendered":"https:\/\/v0.zehome.eu\/?page_id=14876"},"modified":"2024-04-22T15:10:12","modified_gmt":"2024-04-22T12:10:12","slug":"kontakti","status":"publish","type":"page","link":"https:\/\/v0.zehome.eu\/lv\/kontakti\/","title":{"rendered":"KONTAKTI"},"content":{"rendered":"\t\t<div data-elementor-type=\"wp-page\" data-elementor-id=\"14876\" class=\"elementor elementor-14876\">\n\t\t\t\t\t\t\t<div class=\"elementor-element elementor-element-b34420d e-con-full e-con\" data-id=\"b34420d\" data-element_type=\"container\" data-settings=\"{&quot;content_width&quot;:&quot;full&quot;}\">\n\t\t\t\t<div class=\"elementor-element elementor-element-0b618e1 elementor-widget elementor-widget-ld_carousel\" data-id=\"0b618e1\" data-element_type=\"widget\" data-widget_type=\"ld_carousel.default\">\n\t\t\t\t<div class=\"elementor-widget-container\">\n\t\t\t\n\t\t<div class=\"carousel-container pos-rel carousel-nav-center carousel-nav-xl     carousel-nav-center carousel-nav-floated carousel-nav-middle carousel-nav-middle no        carousel-dots-mobile-inside carousel-dots-mobile-center \">\n\n\t\t\t<div class=\"carousel-items pos-rel \"  data-lqd-flickity='{\"navArrow\":\"4\",\"fade\":true,\"wrapAround\":true,\"autoPlay\":true,\"prevNextButtons\":true,\"cellAlign\":\"left\",\"groupCells\":false,\"pauseAutoPlayOnHover\":false,\"buttonsAppendTo\":\"self\",\"addSlideNumbersToArrows\":false,\"pageDots\":false}'>\n\n\t\t\t\t\t\t\t\t<div class=\"flickity-viewport pos-rel w-100 overflow-hidden\">\n\t\t\t\t\t<div class=\"flickity-slider d-flex w-100 h-100 pos-rel align-items-start\" style=\"left: 0; transform: translateX(0%);\">\n\t\t\t\t\t\t\t\t\t\t\t\t<div class=\"carousel-item d-flex flex-column justify-content-center elementor-repeater-item-1c7b2f2\">\n\t\t\t\t\t\t\t\t<div class=\"carousel-item-inner pos-rel w-100\">\n\t\t\t\t\t\t\t\t\t<div class=\"carousel-item-content pos-rel w-100\">\n\n\t\t\t\t\t\t\t\t\t\t<img decoding=\"async\" src=\"https:\/\/v0.zehome.eu\/wp-content\/uploads\/2024\/03\/main-slideshow-1.jpg\" \/>\n<h2>MODU\u013bU KOKA KARKASS<\/h2>\t\t\t\t\t\t\t\t\t<\/div>\n\t\t\t\t\t\t\t\t<\/div>\n\t\t\t\t\t\t\t<\/div>\n\t\t\t\t\t\t\t\t\t\t\t\t\t<div class=\"carousel-item d-flex flex-column justify-content-center elementor-repeater-item-1c7b2f2 elementor-repeater-item-9bf18a1\">\n\t\t\t\t\t\t\t\t<div class=\"carousel-item-inner pos-rel w-100\">\n\t\t\t\t\t\t\t\t\t<div class=\"carousel-item-content pos-rel w-100\">\n\n\t\t\t\t\t\t\t\t\t\t<p><img decoding=\"async\" src=\"https:\/\/v0.zehome.eu\/wp-content\/uploads\/2024\/03\/main-slideshow-2.jpg\" \/><\/p><h2>300 L\u012aDZ 350 MM SILTIN\u0100JUMS<\/h2>\t\t\t\t\t\t\t\t\t<\/div>\n\t\t\t\t\t\t\t\t<\/div>\n\t\t\t\t\t\t\t<\/div>\n\t\t\t\t\t\t\t\t\t\t\t\t\t<div class=\"carousel-item d-flex flex-column justify-content-center elementor-repeater-item-1c7b2f2 elementor-repeater-item-9bf18a1 elementor-repeater-item-05420a5\">\n\t\t\t\t\t\t\t\t<div class=\"carousel-item-inner pos-rel w-100\">\n\t\t\t\t\t\t\t\t\t<div class=\"carousel-item-content pos-rel w-100\">\n\n\t\t\t\t\t\t\t\t\t\t<img decoding=\"async\" src=\"https:\/\/v0.zehome.eu\/wp-content\/uploads\/2024\/03\/main-2.5.jpg\" \/>\n<h2>GANDR\u012aZ NULLES ZUDUMI<\/h2>\t\t\t\t\t\t\t\t\t<\/div>\n\t\t\t\t\t\t\t\t<\/div>\n\t\t\t\t\t\t\t<\/div>\n\t\t\t\t\t\t\t\t\t\t\t\t\t<div class=\"carousel-item d-flex flex-column justify-content-center elementor-repeater-item-1c7b2f2 elementor-repeater-item-9bf18a1 elementor-repeater-item-05420a5 elementor-repeater-item-844bfc3\">\n\t\t\t\t\t\t\t\t<div class=\"carousel-item-inner pos-rel w-100\">\n\t\t\t\t\t\t\t\t\t<div class=\"carousel-item-content pos-rel w-100\">\n\n\t\t\t\t\t\t\t\t\t\t<p><img decoding=\"async\" src=\"https:\/\/v0.zehome.eu\/wp-content\/uploads\/2024\/03\/main-slideshow-3.jpg\" \/><\/p><h2>SAULES PANE\u013bI<\/h2>\t\t\t\t\t\t\t\t\t<\/div>\n\t\t\t\t\t\t\t\t<\/div>\n\t\t\t\t\t\t\t<\/div>\n\t\t\t\t\t\t\t\t\t\t\t\t\t<div class=\"carousel-item d-flex flex-column justify-content-center elementor-repeater-item-1c7b2f2 elementor-repeater-item-9bf18a1 elementor-repeater-item-05420a5 elementor-repeater-item-844bfc3 elementor-repeater-item-730a02d\">\n\t\t\t\t\t\t\t\t<div class=\"carousel-item-inner pos-rel w-100\">\n\t\t\t\t\t\t\t\t\t<div class=\"carousel-item-content pos-rel w-100\">\n\n\t\t\t\t\t\t\t\t\t\t<img decoding=\"async\" src=\"https:\/\/v0.zehome.eu\/wp-content\/uploads\/2024\/03\/main-slideshow-4.jpg\" \/>\n<h2>POZIT\u012aVA ENERGOBILANCE<\/h2>\t\t\t\t\t\t\t\t\t<\/div>\n\t\t\t\t\t\t\t\t<\/div>\n\t\t\t\t\t\t\t<\/div>\n\t\t\t\t\t\t\t\t\t\t\t\t\t<div class=\"carousel-item d-flex flex-column justify-content-center elementor-repeater-item-1c7b2f2 elementor-repeater-item-9bf18a1 elementor-repeater-item-05420a5 elementor-repeater-item-844bfc3 elementor-repeater-item-730a02d elementor-repeater-item-64cb872\">\n\t\t\t\t\t\t\t\t<div class=\"carousel-item-inner pos-rel w-100\">\n\t\t\t\t\t\t\t\t\t<div class=\"carousel-item-content pos-rel w-100\">\n\n\t\t\t\t\t\t\t\t\t\t<p><img decoding=\"async\" src=\"https:\/\/v0.zehome.eu\/wp-content\/uploads\/2024\/03\/main-slideshow-5.jpg\" \/><\/p><h2>SEGTA TERASE<\/h2>\t\t\t\t\t\t\t\t\t<\/div>\n\t\t\t\t\t\t\t\t<\/div>\n\t\t\t\t\t\t\t<\/div>\n\t\t\t\t\t\t\t\t\t\t\t\t\t<div class=\"carousel-item d-flex flex-column justify-content-center elementor-repeater-item-1c7b2f2 elementor-repeater-item-9bf18a1 elementor-repeater-item-05420a5 elementor-repeater-item-844bfc3 elementor-repeater-item-730a02d elementor-repeater-item-64cb872 elementor-repeater-item-286fc67\">\n\t\t\t\t\t\t\t\t<div class=\"carousel-item-inner pos-rel w-100\">\n\t\t\t\t\t\t\t\t\t<div class=\"carousel-item-content pos-rel w-100\">\n\n\t\t\t\t\t\t\t\t\t\t<p><img decoding=\"async\" src=\"https:\/\/v0.zehome.eu\/wp-content\/uploads\/2024\/03\/main-slideshow-6.jpg\" \/><\/p><h2>NOJUME 2 AUTO<\/h2>\t\t\t\t\t\t\t\t\t<\/div>\n\t\t\t\t\t\t\t\t<\/div>\n\t\t\t\t\t\t\t<\/div>\n\t\t\t\t\t\t\t\t\t\t\t\t\t<div class=\"carousel-item d-flex flex-column justify-content-center elementor-repeater-item-1c7b2f2 elementor-repeater-item-9bf18a1 elementor-repeater-item-05420a5 elementor-repeater-item-844bfc3 elementor-repeater-item-730a02d elementor-repeater-item-64cb872 elementor-repeater-item-286fc67 elementor-repeater-item-a1ffd5d\">\n\t\t\t\t\t\t\t\t<div class=\"carousel-item-inner pos-rel w-100\">\n\t\t\t\t\t\t\t\t\t<div class=\"carousel-item-content pos-rel w-100\">\n\n\t\t\t\t\t\t\t\t\t\t<p><img decoding=\"async\" src=\"https:\/\/v0.zehome.eu\/wp-content\/uploads\/2024\/03\/main-slideshow-7.jpg\" \/><\/p><h2>GATAVA IEV\u0100K\u0160ANAI<\/h2>\t\t\t\t\t\t\t\t\t<\/div>\n\t\t\t\t\t\t\t\t<\/div>\n\t\t\t\t\t\t\t<\/div>\n\t\t\t\t\t\t\t\t\t\t\t\t\t<div class=\"carousel-item d-flex flex-column justify-content-center elementor-repeater-item-1c7b2f2 elementor-repeater-item-9bf18a1 elementor-repeater-item-05420a5 elementor-repeater-item-844bfc3 elementor-repeater-item-730a02d elementor-repeater-item-64cb872 elementor-repeater-item-286fc67 elementor-repeater-item-a1ffd5d elementor-repeater-item-9015863\">\n\t\t\t\t\t\t\t\t<div class=\"carousel-item-inner pos-rel w-100\">\n\t\t\t\t\t\t\t\t\t<div class=\"carousel-item-content pos-rel w-100\">\n\n\t\t\t\t\t\t\t\t\t\t<p><img decoding=\"async\" src=\"https:\/\/v0.zehome.eu\/wp-content\/uploads\/2024\/03\/main-slideshow-8.jpg\" \/><\/p><h2>KORPUSA M\u0112BELES VIS\u0100S TELPAS<\/h2>\t\t\t\t\t\t\t\t\t<\/div>\n\t\t\t\t\t\t\t\t<\/div>\n\t\t\t\t\t\t\t<\/div>\n\t\t\t\t\t\t\t\t\t\t\t\t\t<div class=\"carousel-item d-flex flex-column justify-content-center elementor-repeater-item-1c7b2f2 elementor-repeater-item-9bf18a1 elementor-repeater-item-05420a5 elementor-repeater-item-844bfc3 elementor-repeater-item-730a02d elementor-repeater-item-64cb872 elementor-repeater-item-286fc67 elementor-repeater-item-a1ffd5d elementor-repeater-item-9015863 elementor-repeater-item-0b22567\">\n\t\t\t\t\t\t\t\t<div class=\"carousel-item-inner pos-rel w-100\">\n\t\t\t\t\t\t\t\t\t<div class=\"carousel-item-content pos-rel w-100\">\n\n\t\t\t\t\t\t\t\t\t\t<p><img decoding=\"async\" src=\"https:\/\/v0.zehome.eu\/wp-content\/uploads\/2024\/03\/main-slideshow-9.jpg\" \/><\/p><h2>APR\u012aKOTA VIRTUVE<\/h2>\t\t\t\t\t\t\t\t\t<\/div>\n\t\t\t\t\t\t\t\t<\/div>\n\t\t\t\t\t\t\t<\/div>\n\t\t\t\t\t\t\t\t\t\t\t\t\t<div class=\"carousel-item d-flex flex-column justify-content-center elementor-repeater-item-1c7b2f2 elementor-repeater-item-9bf18a1 elementor-repeater-item-05420a5 elementor-repeater-item-844bfc3 elementor-repeater-item-730a02d elementor-repeater-item-64cb872 elementor-repeater-item-286fc67 elementor-repeater-item-a1ffd5d elementor-repeater-item-9015863 elementor-repeater-item-0b22567 elementor-repeater-item-fdc02cc\">\n\t\t\t\t\t\t\t\t<div class=\"carousel-item-inner pos-rel w-100\">\n\t\t\t\t\t\t\t\t\t<div class=\"carousel-item-content pos-rel w-100\">\n\n\t\t\t\t\t\t\t\t\t\t<p><img decoding=\"async\" src=\"https:\/\/v0.zehome.eu\/wp-content\/uploads\/2024\/03\/main-slideshow-10.jpg\" \/><\/p><h2>APR\u012aKOTI SANMEZGLI<\/h2>\t\t\t\t\t\t\t\t\t<\/div>\n\t\t\t\t\t\t\t\t<\/div>\n\t\t\t\t\t\t\t<\/div>\n\t\t\t\t\t\t\t\t\t\t\t\t\t<div class=\"carousel-item d-flex flex-column justify-content-center elementor-repeater-item-1c7b2f2 elementor-repeater-item-9bf18a1 elementor-repeater-item-05420a5 elementor-repeater-item-844bfc3 elementor-repeater-item-730a02d elementor-repeater-item-64cb872 elementor-repeater-item-286fc67 elementor-repeater-item-a1ffd5d elementor-repeater-item-9015863 elementor-repeater-item-0b22567 elementor-repeater-item-fdc02cc elementor-repeater-item-2f7155b\">\n\t\t\t\t\t\t\t\t<div class=\"carousel-item-inner pos-rel w-100\">\n\t\t\t\t\t\t\t\t\t<div class=\"carousel-item-content pos-rel w-100\">\n\n\t\t\t\t\t\t\t\t\t\t<p><img decoding=\"async\" src=\"https:\/\/v0.zehome.eu\/wp-content\/uploads\/2024\/03\/main-slideshow-11.jpg\" \/><\/p><h2>IESP\u0112JA IEB\u016aV\u0112T SAUNU<\/h2>\t\t\t\t\t\t\t\t\t<\/div>\n\t\t\t\t\t\t\t\t<\/div>\n\t\t\t\t\t\t\t<\/div>\n\t\t\t\t\t\t\t\t\t\t\t\t\t<div class=\"carousel-item d-flex flex-column justify-content-center elementor-repeater-item-1c7b2f2 elementor-repeater-item-9bf18a1 elementor-repeater-item-05420a5 elementor-repeater-item-844bfc3 elementor-repeater-item-730a02d elementor-repeater-item-64cb872 elementor-repeater-item-286fc67 elementor-repeater-item-a1ffd5d elementor-repeater-item-9015863 elementor-repeater-item-0b22567 elementor-repeater-item-fdc02cc elementor-repeater-item-2f7155b elementor-repeater-item-875154a\">\n\t\t\t\t\t\t\t\t<div class=\"carousel-item-inner pos-rel w-100\">\n\t\t\t\t\t\t\t\t\t<div class=\"carousel-item-content pos-rel w-100\">\n\n\t\t\t\t\t\t\t\t\t\t<p><img decoding=\"async\" src=\"https:\/\/v0.zehome.eu\/wp-content\/uploads\/2024\/03\/main-slideshow-12.jpg\" \/><\/p><h2>GATAVA 4 M\u0112NE\u0160OS<\/h2>\t\t\t\t\t\t\t\t\t<\/div>\n\t\t\t\t\t\t\t\t<\/div>\n\t\t\t\t\t\t\t<\/div>\n\t\t\t\t\t\t\t\t\t\t\t<\/div>\n\t\t\t\t<\/div>\n\t\t\t<\/div>\n\t\t\t\n\t\t\t\n\t\t<\/div>\n\t\t\t\t<\/div>\n\t\t\t\t<\/div>\n\t\t\t\t<\/div>\n\t\t<div class=\"elementor-element elementor-element-0c38186 e-con-boxed e-con\" data-id=\"0c38186\" data-element_type=\"container\" data-settings=\"{&quot;background_background&quot;:&quot;classic&quot;,&quot;content_width&quot;:&quot;boxed&quot;}\">\n\t\t\t\t\t<div class=\"e-con-inner\">\n\t\t\t\t<div class=\"elementor-element elementor-element-6e262be elementor-widget elementor-widget-hub_fancy_heading\" data-id=\"6e262be\" data-element_type=\"widget\" data-widget_type=\"hub_fancy_heading.default\">\n\t\t\t\t<div class=\"elementor-widget-container\">\n\t\t\t\n\t\t<div id=\"ld-fancy-heading-69ddd19a11333\" class=\"ld-fancy-heading pos-rel\">\n\t\t\t<h1 class=\"ld-fh-element d-inline-block pos-rel  elementor-heading-title lqd-highlight-classic lqd-highlight-grow-left h1\"  > SAZINATIES AR MUMS<\/h1>\t\t<\/div>\n\n\t\t\t\t<\/div>\n\t\t\t\t<\/div>\n\t\t\t\t<div class=\"elementor-element elementor-element-6d7a7a1 elementor-widget elementor-widget-hub_fancy_heading\" data-id=\"6d7a7a1\" data-element_type=\"widget\" data-widget_type=\"hub_fancy_heading.default\">\n\t\t\t\t<div class=\"elementor-widget-container\">\n\t\t\t\n\t\t<div id=\"ld-fancy-heading-69ddd19a126a5\" class=\"ld-fancy-heading pos-rel\">\n\t\t\t<p class=\"ld-fh-element d-inline-block pos-rel  lqd-highlight-classic lqd-highlight-grow-left p\"  > GAIDAM ZI\u0145AS NO JUMS<\/p>\t\t<\/div>\n\n\t\t\t\t<\/div>\n\t\t\t\t<\/div>\n\t\t\t\t\t<\/div>\n\t\t\t\t<\/div>\n\t\t<div class=\"elementor-element elementor-element-42a8f1b e-con-boxed e-con\" data-id=\"42a8f1b\" data-element_type=\"container\" data-settings=\"{&quot;background_background&quot;:&quot;classic&quot;,&quot;content_width&quot;:&quot;boxed&quot;}\">\n\t\t\t\t\t<div class=\"e-con-inner\">\n\t\t\t\t<div class=\"elementor-element elementor-element-f9e5abd elementor-widget__width-initial elementor-widget elementor-widget-ld_cf722\" data-id=\"f9e5abd\" data-element_type=\"widget\" data-widget_type=\"ld_cf722.default\">\n\t\t\t\t<div class=\"elementor-widget-container\">\n\t\t\t\n\t<div class=\"lqd-contact-form lqd-contact-form-inputs-underlined lqd-contact-form-inputs-border-none lqd-contact-form-button-block lqd-contact-form-button-lg lqd-contact-form-inputs-sm\" >\n\t\t\n<div class=\"wpcf7 no-js\" id=\"wpcf7-f14944-o1\" lang=\"lv-LV\" dir=\"ltr\">\n<div class=\"screen-reader-response\"><p role=\"status\" aria-live=\"polite\" aria-atomic=\"true\"><\/p> <ul><\/ul><\/div>\n<form action=\"\/lv\/wp-json\/wp\/v2\/pages\/14876#wpcf7-f14944-o1\" method=\"post\" class=\"wpcf7-form init\" aria-label=\"Contact form\" novalidate=\"novalidate\" data-status=\"init\">\n<div style=\"display: none;\">\n<input type=\"hidden\" name=\"_wpcf7\" value=\"14944\" \/>\n<input type=\"hidden\" name=\"_wpcf7_version\" value=\"5.9.3\" \/>\n<input type=\"hidden\" name=\"_wpcf7_locale\" value=\"lv_LV\" \/>\n<input type=\"hidden\" name=\"_wpcf7_unit_tag\" value=\"wpcf7-f14944-o1\" \/>\n<input type=\"hidden\" name=\"_wpcf7_container_post\" value=\"0\" \/>\n<input type=\"hidden\" name=\"_wpcf7_posted_data_hash\" value=\"\" \/>\n<\/div>\n<p><label> J\u016bsu v\u0101rds<br \/>\n<span class=\"wpcf7-form-control-wrap\" data-name=\"your-name\"><input size=\"40\" class=\"wpcf7-form-control wpcf7-text\" autocomplete=\"name\" aria-invalid=\"false\" value=\"\" type=\"text\" name=\"your-name\" \/><\/span> <\/label>\n<\/p>\n<p><label> J\u016bsu m\u0113r\u0137is<br \/>\n<span class=\"wpcf7-form-control-wrap\" data-name=\"your-goal\"><select class=\"wpcf7-form-control wpcf7-select\" aria-invalid=\"false\" name=\"your-goal\"><option value=\"\"><\/option><option value=\"Person\u012bg\u0101 dz\u012bvesvieta\">Person\u012bg\u0101 dz\u012bvesvieta<\/option><option value=\"Invest\u012bciju projekts\">Invest\u012bciju projekts<\/option><option value=\"Att\u012bst\u012bbas projekts\">Att\u012bst\u012bbas projekts<\/option><option value=\"Cits\">Cits<\/option><\/select><\/span> <\/label>\n<\/p>\n<p><label> J\u016bsu e-pasts<br \/>\n<span class=\"wpcf7-form-control-wrap\" data-name=\"your-email\"><input size=\"40\" class=\"wpcf7-form-control wpcf7-email wpcf7-validates-as-required wpcf7-text wpcf7-validates-as-email\" autocomplete=\"email\" aria-required=\"true\" aria-invalid=\"false\" value=\"\" type=\"email\" name=\"your-email\" \/><\/span> <\/label>\n<\/p>\n<p><label> J\u016bsu t\u0101lru\u0146a nr.<br \/>\n<span class=\"wpcf7-form-control-wrap\" data-name=\"your-phone\"><input size=\"40\" class=\"wpcf7-form-control wpcf7-text wpcf7-validates-as-required\" aria-required=\"true\" aria-invalid=\"false\" value=\"\" type=\"text\" name=\"your-phone\" \/><\/span> <\/label>\n<\/p>\n<p><label> J\u016bsu zi\u0146a<br \/>\n<span class=\"wpcf7-form-control-wrap\" data-name=\"your-message\"><textarea cols=\"40\" rows=\"10\" class=\"wpcf7-form-control wpcf7-textarea\" aria-invalid=\"false\" name=\"your-message\"><\/textarea><\/span> <\/label>\n<\/p>\n<p><input class=\"wpcf7-form-control wpcf7-submit has-spinner\" type=\"submit\" value=\"Nos\u016bt\u012bt\" \/>\n<\/p><div class=\"wpcf7-response-output\" aria-hidden=\"true\"><\/div>\n<\/form>\n<\/div>\n\t<\/div>\n\n\t\t\t<\/div>\n\t\t\t\t<\/div>\n\t\t\t\t\t<\/div>\n\t\t\t\t<\/div>\n\t\t\t\t\t\t\t<\/div>\n\t\t","protected":false},"excerpt":{"rendered":"<p>MODU\u013bU KOKA KARKASS 300 L\u012aDZ 350 MM SILTIN\u0100JUMS GANDR\u012aZ NULLES ZUDUMI SAULES PANE\u013bI POZIT\u012aVA ENERGOBILANCE SEGTA TERASE NOJUME 2 AUTO GATAVA IEV\u0100K\u0160ANAI KORPUSA M\u0112BELES VIS\u0100S TELPAS APR\u012aKOTA VIRTUVE APR\u012aKOTI SANMEZGLI IESP\u0112JA IEB\u016aV\u0112T SAUNU GATAVA 4 M\u0112NE\u0160OS SAZINATIES AR MUMS GAIDAM ZI\u0145AS NO JUMS Your name Your email Your phone Your message<\/p>\n","protected":false},"author":1,"featured_media":0,"parent":0,"menu_order":0,"comment_status":"closed","ping_status":"closed","template":"","meta":{"footnotes":""},"yoast_head":"<!-- This site is optimized with the Yoast SEO plugin v22.3 - https:\/\/yoast.com\/wordpress\/plugins\/seo\/ -->\n<title>KONTAKTI - ZE HOME<\/title>\n<meta name=\"description\" content=\"V\u0113laties uzzin\u0101t vair\u0101k par nulles ener\u0123ijas m\u0101j\u0101m? Sazinieties ar mums, un m\u0113s atbild\u0113sim uz visiem j\u016bsu jaut\u0101jumiem.\" \/>\n<meta name=\"robots\" content=\"noindex, follow, max-snippet:-1, max-image-preview:large, max-video-preview:-1\" \/>\n<meta property=\"og:locale\" content=\"lv_LV\" \/>\n<meta property=\"og:type\" content=\"article\" \/>\n<meta property=\"og:title\" content=\"KONTAKTI - ZE HOME\" \/>\n<meta property=\"og:description\" content=\"V\u0113laties uzzin\u0101t vair\u0101k par nulles ener\u0123ijas m\u0101j\u0101m? Sazinieties ar mums, un m\u0113s atbild\u0113sim uz visiem j\u016bsu jaut\u0101jumiem.\" \/>\n<meta property=\"og:url\" content=\"https:\/\/v0.zehome.eu\/contact-us\/\" \/>\n<meta property=\"og:site_name\" content=\"ZE HOME\" \/>\n<meta property=\"article:modified_time\" content=\"2024-04-22T12:10:12+00:00\" \/>\n<meta property=\"og:image\" content=\"https:\/\/v0.zehome.eu\/wp-content\/uploads\/2024\/03\/main-slideshow-1.jpg\" \/>\n<meta name=\"twitter:card\" content=\"summary_large_image\" \/>\n<meta name=\"twitter:label1\" content=\"Est. reading time\" \/>\n\t<meta name=\"twitter:data1\" content=\"3 minutes\" \/>\n<script type=\"application\/ld+json\" class=\"yoast-schema-graph\">{\"@context\":\"https:\/\/schema.org\",\"@graph\":[{\"@type\":\"WebPage\",\"@id\":\"https:\/\/v0.zehome.eu\/contact-us\/\",\"url\":\"https:\/\/v0.zehome.eu\/contact-us\/\",\"name\":\"KONTAKTI - ZE HOME\",\"isPartOf\":{\"@id\":\"https:\/\/v0.zehome.eu\/#website\"},\"primaryImageOfPage\":{\"@id\":\"https:\/\/v0.zehome.eu\/contact-us\/#primaryimage\"},\"image\":{\"@id\":\"https:\/\/v0.zehome.eu\/contact-us\/#primaryimage\"},\"thumbnailUrl\":\"https:\/\/v0.zehome.eu\/wp-content\/uploads\/2024\/03\/main-slideshow-1.jpg\",\"datePublished\":\"2022-04-06T11:46:33+00:00\",\"dateModified\":\"2024-04-22T12:10:12+00:00\",\"description\":\"V\u0113laties uzzin\u0101t vair\u0101k par nulles ener\u0123ijas m\u0101j\u0101m? Sazinieties ar mums, un m\u0113s atbild\u0113sim uz visiem j\u016bsu jaut\u0101jumiem.\",\"breadcrumb\":{\"@id\":\"https:\/\/v0.zehome.eu\/contact-us\/#breadcrumb\"},\"inLanguage\":\"lv-LV\",\"potentialAction\":[{\"@type\":\"ReadAction\",\"target\":[\"https:\/\/v0.zehome.eu\/contact-us\/\"]}]},{\"@type\":\"ImageObject\",\"inLanguage\":\"lv-LV\",\"@id\":\"https:\/\/v0.zehome.eu\/contact-us\/#primaryimage\",\"url\":\"https:\/\/v0.zehome.eu\/wp-content\/uploads\/2024\/03\/main-slideshow-1.jpg\",\"contentUrl\":\"https:\/\/v0.zehome.eu\/wp-content\/uploads\/2024\/03\/main-slideshow-1.jpg\",\"width\":1920,\"height\":1080},{\"@type\":\"BreadcrumbList\",\"@id\":\"https:\/\/v0.zehome.eu\/contact-us\/#breadcrumb\",\"itemListElement\":[{\"@type\":\"ListItem\",\"position\":1,\"name\":\"Home\",\"item\":\"https:\/\/v0.zehome.eu\/\"},{\"@type\":\"ListItem\",\"position\":2,\"name\":\"KONTAKTI\"}]},{\"@type\":\"WebSite\",\"@id\":\"https:\/\/v0.zehome.eu\/#website\",\"url\":\"https:\/\/v0.zehome.eu\/\",\"name\":\"ZE HOME\",\"description\":\"\",\"publisher\":{\"@id\":\"https:\/\/v0.zehome.eu\/#organization\"},\"potentialAction\":[{\"@type\":\"SearchAction\",\"target\":{\"@type\":\"EntryPoint\",\"urlTemplate\":\"https:\/\/v0.zehome.eu\/?s={search_term_string}\"},\"query-input\":\"required name=search_term_string\"}],\"inLanguage\":\"lv-LV\"},{\"@type\":\"Organization\",\"@id\":\"https:\/\/v0.zehome.eu\/#organization\",\"name\":\"ZE HOME LTD\",\"url\":\"https:\/\/v0.zehome.eu\/\",\"logo\":{\"@type\":\"ImageObject\",\"inLanguage\":\"lv-LV\",\"@id\":\"https:\/\/v0.zehome.eu\/#\/schema\/logo\/image\/\",\"url\":\"https:\/\/v0.zehome.eu\/wp-content\/uploads\/2024\/03\/logo-black.png\",\"contentUrl\":\"https:\/\/v0.zehome.eu\/wp-content\/uploads\/2024\/03\/logo-black.png\",\"width\":3400,\"height\":720,\"caption\":\"ZE HOME LTD\"},\"image\":{\"@id\":\"https:\/\/v0.zehome.eu\/#\/schema\/logo\/image\/\"}}]}<\/script>\n<!-- \/ Yoast SEO plugin. -->","yoast_head_json":{"title":"KONTAKTI - ZE HOME","description":"V\u0113laties uzzin\u0101t vair\u0101k par nulles ener\u0123ijas m\u0101j\u0101m? Sazinieties ar mums, un m\u0113s atbild\u0113sim uz visiem j\u016bsu jaut\u0101jumiem.","robots":{"index":"noindex","follow":"follow","max-snippet":"max-snippet:-1","max-image-preview":"max-image-preview:large","max-video-preview":"max-video-preview:-1"},"og_locale":"lv_LV","og_type":"article","og_title":"KONTAKTI - ZE HOME","og_description":"V\u0113laties uzzin\u0101t vair\u0101k par nulles ener\u0123ijas m\u0101j\u0101m? Sazinieties ar mums, un m\u0113s atbild\u0113sim uz visiem j\u016bsu jaut\u0101jumiem.","og_url":"https:\/\/v0.zehome.eu\/contact-us\/","og_site_name":"ZE HOME","article_modified_time":"2024-04-22T12:10:12+00:00","og_image":[{"url":"https:\/\/v0.zehome.eu\/wp-content\/uploads\/2024\/03\/main-slideshow-1.jpg"}],"twitter_card":"summary_large_image","twitter_misc":{"Est. reading time":"3 minutes"},"schema":{"@context":"https:\/\/schema.org","@graph":[{"@type":"WebPage","@id":"https:\/\/v0.zehome.eu\/contact-us\/","url":"https:\/\/v0.zehome.eu\/contact-us\/","name":"KONTAKTI - ZE HOME","isPartOf":{"@id":"https:\/\/v0.zehome.eu\/#website"},"primaryImageOfPage":{"@id":"https:\/\/v0.zehome.eu\/contact-us\/#primaryimage"},"image":{"@id":"https:\/\/v0.zehome.eu\/contact-us\/#primaryimage"},"thumbnailUrl":"https:\/\/v0.zehome.eu\/wp-content\/uploads\/2024\/03\/main-slideshow-1.jpg","datePublished":"2022-04-06T11:46:33+00:00","dateModified":"2024-04-22T12:10:12+00:00","description":"V\u0113laties uzzin\u0101t vair\u0101k par nulles ener\u0123ijas m\u0101j\u0101m? Sazinieties ar mums, un m\u0113s atbild\u0113sim uz visiem j\u016bsu jaut\u0101jumiem.","breadcrumb":{"@id":"https:\/\/v0.zehome.eu\/contact-us\/#breadcrumb"},"inLanguage":"lv-LV","potentialAction":[{"@type":"ReadAction","target":["https:\/\/v0.zehome.eu\/contact-us\/"]}]},{"@type":"ImageObject","inLanguage":"lv-LV","@id":"https:\/\/v0.zehome.eu\/contact-us\/#primaryimage","url":"https:\/\/v0.zehome.eu\/wp-content\/uploads\/2024\/03\/main-slideshow-1.jpg","contentUrl":"https:\/\/v0.zehome.eu\/wp-content\/uploads\/2024\/03\/main-slideshow-1.jpg","width":1920,"height":1080},{"@type":"BreadcrumbList","@id":"https:\/\/v0.zehome.eu\/contact-us\/#breadcrumb","itemListElement":[{"@type":"ListItem","position":1,"name":"Home","item":"https:\/\/v0.zehome.eu\/"},{"@type":"ListItem","position":2,"name":"KONTAKTI"}]},{"@type":"WebSite","@id":"https:\/\/v0.zehome.eu\/#website","url":"https:\/\/v0.zehome.eu\/","name":"ZE HOME","description":"","publisher":{"@id":"https:\/\/v0.zehome.eu\/#organization"},"potentialAction":[{"@type":"SearchAction","target":{"@type":"EntryPoint","urlTemplate":"https:\/\/v0.zehome.eu\/?s={search_term_string}"},"query-input":"required name=search_term_string"}],"inLanguage":"lv-LV"},{"@type":"Organization","@id":"https:\/\/v0.zehome.eu\/#organization","name":"ZE HOME LTD","url":"https:\/\/v0.zehome.eu\/","logo":{"@type":"ImageObject","inLanguage":"lv-LV","@id":"https:\/\/v0.zehome.eu\/#\/schema\/logo\/image\/","url":"https:\/\/v0.zehome.eu\/wp-content\/uploads\/2024\/03\/logo-black.png","contentUrl":"https:\/\/v0.zehome.eu\/wp-content\/uploads\/2024\/03\/logo-black.png","width":3400,"height":720,"caption":"ZE HOME LTD"},"image":{"@id":"https:\/\/v0.zehome.eu\/#\/schema\/logo\/image\/"}}]}},"_links":{"self":[{"href":"https:\/\/v0.zehome.eu\/lv\/wp-json\/wp\/v2\/pages\/14876"}],"collection":[{"href":"https:\/\/v0.zehome.eu\/lv\/wp-json\/wp\/v2\/pages"}],"about":[{"href":"https:\/\/v0.zehome.eu\/lv\/wp-json\/wp\/v2\/types\/page"}],"author":[{"embeddable":true,"href":"https:\/\/v0.zehome.eu\/lv\/wp-json\/wp\/v2\/users\/1"}],"replies":[{"embeddable":true,"href":"https:\/\/v0.zehome.eu\/lv\/wp-json\/wp\/v2\/comments?post=14876"}],"version-history":[{"count":8,"href":"https:\/\/v0.zehome.eu\/lv\/wp-json\/wp\/v2\/pages\/14876\/revisions"}],"predecessor-version":[{"id":15685,"href":"https:\/\/v0.zehome.eu\/lv\/wp-json\/wp\/v2\/pages\/14876\/revisions\/15685"}],"wp:attachment":[{"href":"https:\/\/v0.zehome.eu\/lv\/wp-json\/wp\/v2\/media?parent=14876"}],"curies":[{"name":"wp","href":"https:\/\/api.w.org\/{rel}","templated":true}]}}