{"id":14834,"date":"2023-04-05T07:26:10","date_gmt":"2023-04-05T04:26:10","guid":{"rendered":"https:\/\/v0.zehome.eu\/?page_id=14834"},"modified":"2024-04-05T13:31:35","modified_gmt":"2024-04-05T10:31:35","slug":"privatuma-politika","status":"publish","type":"page","link":"https:\/\/v0.zehome.eu\/lv\/privatuma-politika\/","title":{"rendered":"PRIV\u0100TUMA POLITIKA"},"content":{"rendered":"\t\t<div data-elementor-type=\"wp-page\" data-elementor-id=\"14834\" class=\"elementor elementor-14834\">\n\t\t\t\t\t\t\t<div class=\"elementor-element elementor-element-14e3ecf e-con-boxed e-con\" data-id=\"14e3ecf\" data-element_type=\"container\" data-settings=\"{&quot;background_background&quot;:&quot;classic&quot;,&quot;content_width&quot;:&quot;boxed&quot;}\">\n\t\t\t\t\t<div class=\"e-con-inner\">\n\t\t\t\t<div class=\"elementor-element elementor-element-5791c29 elementor-widget elementor-widget-ld_button\" data-id=\"5791c29\" data-element_type=\"widget\" id=\"backbutton\" data-widget_type=\"ld_button.default\">\n\t\t\t\t<div class=\"elementor-widget-container\">\n\t\t\t\n\t\t<a  class=\"elementor-button btn align-items-center justify-content-center pos-rel overflow-hidden ws-nowrap btn-solid btn-has-label\" >\n\t\t\t\t\t\t\t<span class=\"btn-txt d-block pos-rel z-index-3\"  data-text=\"ATPAKA\u013b\" >\n\t\t\t\t\t\t\t\t\t\t\tATPAKA\u013b\t\t\t\t\t\t\t\t\t<\/span>\n\t\t\t\t\t\t\t\t<\/a>\n\n\t\t\t\t<\/div>\n\t\t\t\t<\/div>\n\t\t\t\t<div class=\"elementor-element elementor-element-12fd723 elementor-widget elementor-widget-html\" data-id=\"12fd723\" data-element_type=\"widget\" data-widget_type=\"html.default\">\n\t\t\t\t<div class=\"elementor-widget-container\">\n\t\t\t<script>\njQuery(document).ready(function($){\n$(\"#backbutton\").click(function (){\n  window.history.back();\n});\n});\n<\/script>\t\t<\/div>\n\t\t\t\t<\/div>\n\t\t\t\t<div class=\"elementor-element elementor-element-8e5e8d8 elementor-widget elementor-widget-text-editor\" data-id=\"8e5e8d8\" data-element_type=\"widget\" data-widget_type=\"text-editor.default\">\n\t\t\t\t<div class=\"elementor-widget-container\">\n\t\t\t<style>\/*! elementor - v3.12.1 - 02-04-2023 *\/\n.elementor-widget-text-editor.elementor-drop-cap-view-stacked .elementor-drop-cap{background-color:#69727d;color:#fff}.elementor-widget-text-editor.elementor-drop-cap-view-framed .elementor-drop-cap{color:#69727d;border:3px solid;background-color:transparent}.elementor-widget-text-editor:not(.elementor-drop-cap-view-default) .elementor-drop-cap{margin-top:8px}.elementor-widget-text-editor:not(.elementor-drop-cap-view-default) .elementor-drop-cap-letter{width:1em;height:1em}.elementor-widget-text-editor .elementor-drop-cap{float:left;text-align:center;line-height:1;font-size:50px}.elementor-widget-text-editor .elementor-drop-cap-letter{display:inline-block}<\/style>\t\t\t\t<h1>Konfidencialit\u0101tes politika<\/h1><p>Zehome.eu, kas ir pieejams no https:\/\/v0.zehome.eu, viena no m\u016bsu galvenaj\u0101m priorit\u0101t\u0113m ir apmekl\u0113t\u0101ju priv\u0101tums. \u0160aj\u0101 priv\u0101tuma politikas dokument\u0101 ir apkopoti inform\u0101cijas veidi, ko v\u0101c un re\u0123istr\u0113 v0.zehome.eu, un k\u0101 m\u0113s to izmantojam.<\/p><p>Ja jums ir papildu jaut\u0101jumi vai nepiecie\u0161ama papildu inform\u0101cija par m\u016bsu konfidencialit\u0101tes politiku, sazinieties ar mums.<\/p><p>\u0160\u012b konfidencialit\u0101tes politika attiecas tikai uz m\u016bsu darb\u012bb\u0101m tie\u0161saist\u0113 un ir sp\u0113k\u0101 m\u016bsu vietnes apmekl\u0113t\u0101jiem attiec\u012bb\u0101 uz inform\u0101ciju, ar kuru vi\u0146i dal\u0101s un\/vai kuru apkopo v0.zehome.eu. \u0160\u012b politika nav piem\u0113rojama inform\u0101cijai, kas apkopota bezsaist\u0113 vai citos kan\u0101los, kas nav \u0161\u012b t\u012bmek\u013ca vietne.<\/p><h2>Piekri\u0161ana<\/h2><p>Izmantojot m\u016bsu vietni, j\u016bs piekr\u012btat m\u016bsu konfidencialit\u0101tes politikai un piekr\u012btat t\u0101s noteikumiem.<\/p><h2>M\u016bsu apkopot\u0101 inform\u0101cija<\/h2><p>Personas inform\u0101cija, kas jums tiek pras\u012bta, un iemesli, k\u0101d\u0113\u013c jums tiek pras\u012bts to sniegt, jums tiks izskaidroti br\u012bd\u012b, kad m\u0113s l\u016bgsim jums sniegt savu personas inform\u0101ciju.<\/p><p>Ja sazin\u0101ties ar mums tie\u0161i, m\u0113s varam sa\u0146emt papildu inform\u0101ciju par jums, piem\u0113ram, j\u016bsu v\u0101rdu un uzv\u0101rdu, e-pasta adresi, t\u0101lru\u0146a numuru, zi\u0146ojuma saturu un\/vai pielikumus, ko varat mums nos\u016bt\u012bt, un jebk\u0101du citu inform\u0101ciju, ko varat izv\u0113l\u0113ties sniegt.<\/p><p>Kad re\u0123istr\u0113jat Kontu, m\u0113s varam piepras\u012bt j\u016bsu kontaktinform\u0101ciju, tostarp t\u0101dus datus k\u0101 v\u0101rds, uz\u0146\u0113muma nosaukums, adrese, e-pasta adrese un t\u0101lru\u0146a numurs.<\/p><h2>K\u0101 m\u0113s izmantojam j\u016bsu inform\u0101ciju<\/h2><p>Sav\u0101kto inform\u0101ciju m\u0113s izmantojam da\u017e\u0101dos veidos, tostarp, lai:<\/p><ul><li>Nodro\u0161in\u0101t, p\u0101rvald\u012bt un uztur\u0113t m\u016bsu t\u012bmek\u013ca vietni<\/li><li>Uzlabot, personaliz\u0113t un papla\u0161in\u0101t m\u016bsu t\u012bmek\u013ca vietni<\/li><li>Izprast un analiz\u0113t, k\u0101 j\u016bs izmantojat m\u016bsu vietni<\/li><li>Jaunu produktu, pakalpojumu, funkciju un funkcionalit\u0101tes izstr\u0101de<\/li><li>sazin\u0101ties ar jums tie\u0161i vai ar m\u016bsu partneru starpniec\u012bbu, tostarp klientu apkalpo\u0161anas nol\u016bkos, lai sniegtu jums atjaunin\u0101jumus un citu inform\u0101ciju saist\u012bb\u0101 ar t\u012bmek\u013ca vietni, k\u0101 ar\u012b m\u0101rketinga un rekl\u0101mas nol\u016bkos<\/li><li>S\u016bt\u012bt jums e-pasta v\u0113stules<\/li><li>Kr\u0101p\u0161anas atkl\u0101\u0161ana un nov\u0113r\u0161ana<\/li><\/ul><h2>\u017durn\u0101la faili<\/h2><p>Zehome.eu iev\u0113ro standarta proced\u016bru, izmantojot \u017eurn\u0101lu failus. \u0160ie faili re\u0123istr\u0113 apmekl\u0113t\u0101jus, kad vi\u0146i apmekl\u0113 t\u012bmek\u013ca vietnes. To dara visi hostinga uz\u0146\u0113mumi, un t\u0101 ir da\u013ca no hostinga pakalpojumu anal\u012btikas. \u017durn\u0101lu datn\u0113s apkopot\u0101 inform\u0101cija ietver interneta protokola (IP) adreses, p\u0101rl\u016bkprogrammas veidu, interneta pakalpojumu sniedz\u0113ju (ISP), datuma un laika z\u012bmogu, atsauces\/izvades lapas un, iesp\u0113jams, klik\u0161\u0137u skaitu. Tie nav saist\u012bti ar inform\u0101ciju, kas \u013cauj identific\u0113t personu. \u0160\u012bs inform\u0101cijas m\u0113r\u0137is ir analiz\u0113t tendences, p\u0101rvald\u012bt vietni, izsekot lietot\u0101ju p\u0101rvieto\u0161anos vietn\u0113 un v\u0101kt demogr\u0101fisko inform\u0101ciju.<\/p><h2>S\u012bkfaili un t\u012bmek\u013ca b\u0101kas<\/h2><p>T\u0101pat k\u0101 jebkur\u0101 cit\u0101 t\u012bmek\u013ca vietn\u0113, ar\u012b v0.zehome.eu izmanto s\u012bkfailus. \u0160\u012bs s\u012bkdatnes tiek izmantotas, lai saglab\u0101tu inform\u0101ciju, tostarp apmekl\u0113t\u0101ju preferences un t\u012bmek\u013ca vietnes lapas, kur\u0101m apmekl\u0113t\u0101js piek\u013c\u016bst vai kuras apmekl\u0113. \u0160\u012b inform\u0101cija tiek izmantota, lai optimiz\u0113tu lietot\u0101ju pieredzi, piel\u0101gojot m\u016bsu t\u012bmek\u013ca lapas saturu, pamatojoties uz apmekl\u0113t\u0101ja p\u0101rl\u016bkprogrammas veidu un\/vai citu inform\u0101ciju.<\/p><p>Lai ieg\u016btu visp\u0101r\u012bg\u0101ku inform\u0101ciju par s\u012bkfailiem, l\u016bdzu, izlasiet &#8220;Kas ir s\u012bkfaili&#8221;.<\/p><h2>Rekl\u0101mas partneri Priv\u0101tuma politika<\/h2><p>J\u016bs varat iepaz\u012bties ar \u0161o sarakstu, lai atrastu katra v0.zehome.eu rekl\u0101mas partnera priv\u0101tuma politiku.<\/p><p>Tre\u0161o pu\u0161u rekl\u0101mu serveri vai rekl\u0101mu t\u012bkli izmanto t\u0101das tehnolo\u0123ijas k\u0101 s\u012bkfaili, JavaScript vai t\u012bmek\u013ca b\u0101kas, kas tiek izmantotas attiec\u012bgaj\u0101s rekl\u0101m\u0101s un sait\u0113s, kuras par\u0101d\u0101s v0.zehome.eu un tiek nos\u016bt\u012btas tie\u0161i lietot\u0101ja p\u0101rl\u016bkprogramm\u0101. \u0160\u0101d\u0101 gad\u012bjum\u0101 tie autom\u0101tiski sa\u0146em j\u016bsu IP adresi. \u0160\u012bs tehnolo\u0123ijas tiek izmantotas, lai nov\u0113rt\u0113tu savu rekl\u0101mas kampa\u0146u efektivit\u0101ti un\/vai lai personaliz\u0113tu rekl\u0101mas saturu, ko redzat apmekl\u0113taj\u0101s t\u012bmek\u013ca vietn\u0113s.<\/p><p>\u0145emiet v\u0113r\u0101, ka v0.zehome.eu nav piek\u013cuves vai kontroles p\u0101r \u0161\u012bm s\u012bkdatn\u0113m, ko izmanto tre\u0161o pu\u0161u rekl\u0101mdev\u0113ji.<\/p><h2>Tre\u0161o pu\u0161u konfidencialit\u0101tes politikas<\/h2><p>Zehome.eu konfidencialit\u0101tes politika neattiecas uz citiem rekl\u0101mdev\u0113jiem vai vietn\u0113m. T\u0101p\u0113c, lai ieg\u016btu s\u012bk\u0101ku inform\u0101ciju, iesak\u0101m iepaz\u012bties ar \u0161o tre\u0161o pu\u0161u rekl\u0101mu serveru attiec\u012bgaj\u0101m priv\u0101tuma politik\u0101m. T\u0101 var ietvert to praksi un nor\u0101d\u012bjumus par to, k\u0101 atteikties no noteikt\u0101m iesp\u0113j\u0101m.<\/p><p>S\u012bkfailus varat atsp\u0113jot, izmantojot individu\u0101l\u0101s p\u0101rl\u016bkprogrammas opcijas. Lai uzzin\u0101tu s\u012bk\u0101ku inform\u0101ciju par s\u012bkfailu p\u0101rvald\u012bbu ar konkr\u0113t\u0101m t\u012bmek\u013ca p\u0101rl\u016bkprogramm\u0101m, to var atrast attiec\u012bgo p\u0101rl\u016bkprogrammu t\u012bmek\u013ca vietn\u0113s.<\/p><h2>VDAR datu aizsardz\u012bbas ties\u012bbas<\/h2><p>M\u0113s v\u0113lamies p\u0101rliecin\u0101ties, ka esat piln\u012bb\u0101 inform\u0113ts par vis\u0101m sav\u0101m datu aizsardz\u012bbas ties\u012bb\u0101m. Katram lietot\u0101jam ir \u0161\u0101das ties\u012bbas:<\/p><p>Piek\u013cuves ties\u012bbas &#8211; jums ir ties\u012bbas piepras\u012bt savu personas datu kopijas. Par \u0161o pakalpojumu m\u0113s varam iekas\u0113t nelielu maksu.<\/p><p>Ties\u012bbas uz labo\u0161anu &#8211; jums ir ties\u012bbas piepras\u012bt, lai m\u0113s labojam jebk\u0101du inform\u0101ciju, kas, j\u016bsupr\u0101t, ir neprec\u012bza. Jums ir ar\u012b ties\u012bbas piepras\u012bt, lai m\u0113s papildin\u0101m inform\u0101ciju, kas, j\u016bsupr\u0101t, ir nepiln\u012bga.<\/p><p>Ties\u012bbas uz dz\u0113\u0161anu &#8211; jums ir ties\u012bbas noteiktos apst\u0101k\u013cos piepras\u012bt, lai m\u0113s dz\u0113\u0161am j\u016bsu personas datus.<\/p><p>Ties\u012bbas ierobe\u017eot apstr\u0101di &#8211; jums ir ties\u012bbas noteiktos apst\u0101k\u013cos piepras\u012bt, lai m\u0113s ierobe\u017eojam j\u016bsu personas datu apstr\u0101di.<\/p><p>Ties\u012bbas iebilst pret apstr\u0101di &#8211; ar zin\u0101miem nosac\u012bjumiem jums ir ties\u012bbas iebilst pret savu personas datu apstr\u0101di.<\/p><p>Ties\u012bbas uz datu p\u0101rnesam\u012bbu &#8211; jums ir ties\u012bbas noteiktos apst\u0101k\u013cos piepras\u012bt, lai m\u0113s p\u0101rs\u016bt\u0101m sav\u0101ktos datus citai organiz\u0101cijai vai tie\u0161i jums.<\/p><p>Ja iesniedzat piepras\u012bjumu, mums ir viens m\u0113nesis laika, lai jums atbild\u0113tu. Ja v\u0113laties izmantot k\u0101du no \u0161\u012bm ties\u012bb\u0101m, l\u016bdzu, sazinieties ar mums.<\/p><h2>B\u0113rnu inform\u0101cija<\/h2><p>V\u0113l viena no m\u016bsu priorit\u0101t\u0113m ir b\u0113rnu aizsardz\u012bba, izmantojot internetu. M\u0113s aicin\u0101m vec\u0101kus un aizbild\u0146us nov\u0113rot, piedal\u012bties un\/vai uzraudz\u012bt un vad\u012bt vi\u0146u darb\u012bbu tie\u0161saist\u0113.<\/p><p>Zehome.eu apzin\u0101ti nev\u0101c personas identific\u0113jamu inform\u0101ciju no b\u0113rniem, kas jaun\u0101ki par 13 gadiem. Ja jums \u0161\u0137iet, ka j\u016bsu b\u0113rns m\u016bsu vietn\u0113 ir sniedzis \u0161\u0101da veida inform\u0101ciju, m\u0113s aicin\u0101m j\u016bs nekav\u0113joties sazin\u0101ties ar mums, un m\u0113s dar\u012bsim visu iesp\u0113jamo, lai nekav\u0113joties dz\u0113stu \u0161\u0101du inform\u0101ciju no m\u016bsu datiem.<\/p>\t\t\t\t\t\t<\/div>\n\t\t\t\t<\/div>\n\t\t\t\t\t<\/div>\n\t\t\t\t<\/div>\n\t\t\t\t\t\t\t<\/div>\n\t\t","protected":false},"excerpt":{"rendered":"<p>ATPAKA\u013b Konfidencialit\u0101tes politika Zehome.eu, kas ir pieejams no https:\/\/v0.zehome.eu, viena no m\u016bsu galvenaj\u0101m priorit\u0101t\u0113m ir apmekl\u0113t\u0101ju priv\u0101tums. \u0160aj\u0101 priv\u0101tuma politikas dokument\u0101 ir apkopoti inform\u0101cijas veidi, ko v\u0101c un re\u0123istr\u0113 v0.zehome.eu, un k\u0101 m\u0113s to izmantojam. Ja jums ir papildu jaut\u0101jumi vai nepiecie\u0161ama papildu inform\u0101cija par m\u016bsu konfidencialit\u0101tes politiku, sazinieties ar mums. \u0160\u012b konfidencialit\u0101tes politika attiecas [&hellip;]<\/p>\n","protected":false},"author":1,"featured_media":0,"parent":0,"menu_order":0,"comment_status":"closed","ping_status":"closed","template":"","meta":{"footnotes":""},"yoast_head":"<!-- This site is optimized with the Yoast SEO plugin v22.3 - https:\/\/yoast.com\/wordpress\/plugins\/seo\/ -->\n<title>PRIV\u0100TUMA POLITIKA - ZE HOME<\/title>\n<meta name=\"robots\" content=\"noindex, follow, max-snippet:-1, max-image-preview:large, max-video-preview:-1\" \/>\n<meta property=\"og:locale\" content=\"lv_LV\" \/>\n<meta property=\"og:type\" content=\"article\" \/>\n<meta property=\"og:title\" content=\"PRIV\u0100TUMA POLITIKA - ZE HOME\" \/>\n<meta property=\"og:description\" content=\"ATPAKA\u013b Konfidencialit\u0101tes politika Zehome.eu, kas ir pieejams no https:\/\/v0.zehome.eu, viena no m\u016bsu galvenaj\u0101m priorit\u0101t\u0113m ir apmekl\u0113t\u0101ju priv\u0101tums. \u0160aj\u0101 priv\u0101tuma politikas dokument\u0101 ir apkopoti inform\u0101cijas veidi, ko v\u0101c un re\u0123istr\u0113 v0.zehome.eu, un k\u0101 m\u0113s to izmantojam. Ja jums ir papildu jaut\u0101jumi vai nepiecie\u0161ama papildu inform\u0101cija par m\u016bsu konfidencialit\u0101tes politiku, sazinieties ar mums. \u0160\u012b konfidencialit\u0101tes politika attiecas [&hellip;]\" \/>\n<meta property=\"og:url\" content=\"https:\/\/v0.zehome.eu\/lv\/privatuma-politika\/\" \/>\n<meta property=\"og:site_name\" content=\"ZE HOME\" \/>\n<meta property=\"article:modified_time\" content=\"2024-04-05T10:31:35+00:00\" \/>\n<meta property=\"og:image\" content=\"https:\/\/v0.zehome.eu\/wp-content\/uploads\/2024\/03\/preview.jpg\" \/>\n\t<meta property=\"og:image:width\" content=\"1200\" \/>\n\t<meta property=\"og:image:height\" content=\"675\" \/>\n\t<meta property=\"og:image:type\" content=\"image\/jpeg\" \/>\n<meta name=\"twitter:card\" content=\"summary_large_image\" \/>\n<meta name=\"twitter:label1\" content=\"Est. reading time\" \/>\n\t<meta name=\"twitter:data1\" content=\"4 minutes\" \/>\n<script type=\"application\/ld+json\" class=\"yoast-schema-graph\">{\"@context\":\"https:\/\/schema.org\",\"@graph\":[{\"@type\":\"WebPage\",\"@id\":\"https:\/\/v0.zehome.eu\/lv\/privatuma-politika\/\",\"url\":\"https:\/\/v0.zehome.eu\/lv\/privatuma-politika\/\",\"name\":\"PRIV\u0100TUMA POLITIKA - ZE HOME\",\"isPartOf\":{\"@id\":\"https:\/\/v0.zehome.eu\/#website\"},\"datePublished\":\"2023-04-05T04:26:10+00:00\",\"dateModified\":\"2024-04-05T10:31:35+00:00\",\"breadcrumb\":{\"@id\":\"https:\/\/v0.zehome.eu\/lv\/privatuma-politika\/#breadcrumb\"},\"inLanguage\":\"lv-LV\",\"potentialAction\":[{\"@type\":\"ReadAction\",\"target\":[\"https:\/\/v0.zehome.eu\/lv\/privatuma-politika\/\"]}]},{\"@type\":\"BreadcrumbList\",\"@id\":\"https:\/\/v0.zehome.eu\/lv\/privatuma-politika\/#breadcrumb\",\"itemListElement\":[{\"@type\":\"ListItem\",\"position\":1,\"name\":\"Home\",\"item\":\"https:\/\/v0.zehome.eu\/\"},{\"@type\":\"ListItem\",\"position\":2,\"name\":\"PRIV\u0100TUMA POLITIKA\"}]},{\"@type\":\"WebSite\",\"@id\":\"https:\/\/v0.zehome.eu\/#website\",\"url\":\"https:\/\/v0.zehome.eu\/\",\"name\":\"ZE HOME\",\"description\":\"\",\"publisher\":{\"@id\":\"https:\/\/v0.zehome.eu\/#organization\"},\"potentialAction\":[{\"@type\":\"SearchAction\",\"target\":{\"@type\":\"EntryPoint\",\"urlTemplate\":\"https:\/\/v0.zehome.eu\/?s={search_term_string}\"},\"query-input\":\"required name=search_term_string\"}],\"inLanguage\":\"lv-LV\"},{\"@type\":\"Organization\",\"@id\":\"https:\/\/v0.zehome.eu\/#organization\",\"name\":\"ZE HOME LTD\",\"url\":\"https:\/\/v0.zehome.eu\/\",\"logo\":{\"@type\":\"ImageObject\",\"inLanguage\":\"lv-LV\",\"@id\":\"https:\/\/v0.zehome.eu\/#\/schema\/logo\/image\/\",\"url\":\"https:\/\/v0.zehome.eu\/wp-content\/uploads\/2024\/03\/logo-black.png\",\"contentUrl\":\"https:\/\/v0.zehome.eu\/wp-content\/uploads\/2024\/03\/logo-black.png\",\"width\":3400,\"height\":720,\"caption\":\"ZE HOME LTD\"},\"image\":{\"@id\":\"https:\/\/v0.zehome.eu\/#\/schema\/logo\/image\/\"}}]}<\/script>\n<!-- \/ Yoast SEO plugin. -->","yoast_head_json":{"title":"PRIV\u0100TUMA POLITIKA - ZE HOME","robots":{"index":"noindex","follow":"follow","max-snippet":"max-snippet:-1","max-image-preview":"max-image-preview:large","max-video-preview":"max-video-preview:-1"},"og_locale":"lv_LV","og_type":"article","og_title":"PRIV\u0100TUMA POLITIKA - ZE HOME","og_description":"ATPAKA\u013b Konfidencialit\u0101tes politika Zehome.eu, kas ir pieejams no https:\/\/v0.zehome.eu, viena no m\u016bsu galvenaj\u0101m priorit\u0101t\u0113m ir apmekl\u0113t\u0101ju priv\u0101tums. \u0160aj\u0101 priv\u0101tuma politikas dokument\u0101 ir apkopoti inform\u0101cijas veidi, ko v\u0101c un re\u0123istr\u0113 v0.zehome.eu, un k\u0101 m\u0113s to izmantojam. Ja jums ir papildu jaut\u0101jumi vai nepiecie\u0161ama papildu inform\u0101cija par m\u016bsu konfidencialit\u0101tes politiku, sazinieties ar mums. \u0160\u012b konfidencialit\u0101tes politika attiecas [&hellip;]","og_url":"https:\/\/v0.zehome.eu\/lv\/privatuma-politika\/","og_site_name":"ZE HOME","article_modified_time":"2024-04-05T10:31:35+00:00","og_image":[{"width":1200,"height":675,"url":"https:\/\/v0.zehome.eu\/wp-content\/uploads\/2024\/03\/preview.jpg","type":"image\/jpeg"}],"twitter_card":"summary_large_image","twitter_misc":{"Est. reading time":"4 minutes"},"schema":{"@context":"https:\/\/schema.org","@graph":[{"@type":"WebPage","@id":"https:\/\/v0.zehome.eu\/lv\/privatuma-politika\/","url":"https:\/\/v0.zehome.eu\/lv\/privatuma-politika\/","name":"PRIV\u0100TUMA POLITIKA - ZE HOME","isPartOf":{"@id":"https:\/\/v0.zehome.eu\/#website"},"datePublished":"2023-04-05T04:26:10+00:00","dateModified":"2024-04-05T10:31:35+00:00","breadcrumb":{"@id":"https:\/\/v0.zehome.eu\/lv\/privatuma-politika\/#breadcrumb"},"inLanguage":"lv-LV","potentialAction":[{"@type":"ReadAction","target":["https:\/\/v0.zehome.eu\/lv\/privatuma-politika\/"]}]},{"@type":"BreadcrumbList","@id":"https:\/\/v0.zehome.eu\/lv\/privatuma-politika\/#breadcrumb","itemListElement":[{"@type":"ListItem","position":1,"name":"Home","item":"https:\/\/v0.zehome.eu\/"},{"@type":"ListItem","position":2,"name":"PRIV\u0100TUMA POLITIKA"}]},{"@type":"WebSite","@id":"https:\/\/v0.zehome.eu\/#website","url":"https:\/\/v0.zehome.eu\/","name":"ZE HOME","description":"","publisher":{"@id":"https:\/\/v0.zehome.eu\/#organization"},"potentialAction":[{"@type":"SearchAction","target":{"@type":"EntryPoint","urlTemplate":"https:\/\/v0.zehome.eu\/?s={search_term_string}"},"query-input":"required name=search_term_string"}],"inLanguage":"lv-LV"},{"@type":"Organization","@id":"https:\/\/v0.zehome.eu\/#organization","name":"ZE HOME LTD","url":"https:\/\/v0.zehome.eu\/","logo":{"@type":"ImageObject","inLanguage":"lv-LV","@id":"https:\/\/v0.zehome.eu\/#\/schema\/logo\/image\/","url":"https:\/\/v0.zehome.eu\/wp-content\/uploads\/2024\/03\/logo-black.png","contentUrl":"https:\/\/v0.zehome.eu\/wp-content\/uploads\/2024\/03\/logo-black.png","width":3400,"height":720,"caption":"ZE HOME LTD"},"image":{"@id":"https:\/\/v0.zehome.eu\/#\/schema\/logo\/image\/"}}]}},"_links":{"self":[{"href":"https:\/\/v0.zehome.eu\/lv\/wp-json\/wp\/v2\/pages\/14834"}],"collection":[{"href":"https:\/\/v0.zehome.eu\/lv\/wp-json\/wp\/v2\/pages"}],"about":[{"href":"https:\/\/v0.zehome.eu\/lv\/wp-json\/wp\/v2\/types\/page"}],"author":[{"embeddable":true,"href":"https:\/\/v0.zehome.eu\/lv\/wp-json\/wp\/v2\/users\/1"}],"replies":[{"embeddable":true,"href":"https:\/\/v0.zehome.eu\/lv\/wp-json\/wp\/v2\/comments?post=14834"}],"version-history":[{"count":10,"href":"https:\/\/v0.zehome.eu\/lv\/wp-json\/wp\/v2\/pages\/14834\/revisions"}],"predecessor-version":[{"id":14844,"href":"https:\/\/v0.zehome.eu\/lv\/wp-json\/wp\/v2\/pages\/14834\/revisions\/14844"}],"wp:attachment":[{"href":"https:\/\/v0.zehome.eu\/lv\/wp-json\/wp\/v2\/media?parent=14834"}],"curies":[{"name":"wp","href":"https:\/\/api.w.org\/{rel}","templated":true}]}}