{"id":15071,"date":"2022-04-06T14:46:33","date_gmt":"2022-04-06T11:46:33","guid":{"rendered":"https:\/\/v0.zehome.eu\/?page_id=15071"},"modified":"2024-04-06T20:57:20","modified_gmt":"2024-04-06T17:57:20","slug":"kontaktai","status":"publish","type":"page","link":"https:\/\/v0.zehome.eu\/lt\/kontaktai\/","title":{"rendered":"KONTAKTAI"},"content":{"rendered":"\t\t<div data-elementor-type=\"wp-page\" data-elementor-id=\"15071\" class=\"elementor elementor-15071\">\n\t\t\t\t\t\t\t<div class=\"elementor-element elementor-element-61e289a e-con-full e-con\" data-id=\"61e289a\" data-element_type=\"container\" data-settings=\"{&quot;content_width&quot;:&quot;full&quot;}\">\n\t\t\t\t<div class=\"elementor-element elementor-element-24cc882 elementor-widget elementor-widget-ld_carousel\" data-id=\"24cc882\" data-element_type=\"widget\" data-widget_type=\"ld_carousel.default\">\n\t\t\t\t<div class=\"elementor-widget-container\">\n\t\t\t\n\t\t<div class=\"carousel-container pos-rel carousel-nav-center carousel-nav-xl     carousel-nav-center carousel-nav-floated carousel-nav-middle carousel-nav-middle no        carousel-dots-mobile-inside carousel-dots-mobile-center \">\n\n\t\t\t<div class=\"carousel-items pos-rel \"  data-lqd-flickity='{\"navArrow\":\"4\",\"fade\":true,\"wrapAround\":true,\"autoPlay\":true,\"prevNextButtons\":true,\"cellAlign\":\"left\",\"groupCells\":false,\"pauseAutoPlayOnHover\":false,\"buttonsAppendTo\":\"self\",\"addSlideNumbersToArrows\":false,\"pageDots\":false}'>\n\n\t\t\t\t\t\t\t\t<div class=\"flickity-viewport pos-rel w-100 overflow-hidden\">\n\t\t\t\t\t<div class=\"flickity-slider d-flex w-100 h-100 pos-rel align-items-start\" style=\"left: 0; transform: translateX(0%);\">\n\t\t\t\t\t\t\t\t\t\t\t\t<div class=\"carousel-item d-flex flex-column justify-content-center elementor-repeater-item-1c7b2f2\">\n\t\t\t\t\t\t\t\t<div class=\"carousel-item-inner pos-rel w-100\">\n\t\t\t\t\t\t\t\t\t<div class=\"carousel-item-content pos-rel w-100\">\n\n\t\t\t\t\t\t\t\t\t\t<p><img decoding=\"async\" src=\"https:\/\/v0.zehome.eu\/wp-content\/uploads\/2024\/03\/main-slideshow-1.jpg\" \/><\/p><h2>MODULINIS MEDINIS KARKASAS<\/h2>\t\t\t\t\t\t\t\t\t<\/div>\n\t\t\t\t\t\t\t\t<\/div>\n\t\t\t\t\t\t\t<\/div>\n\t\t\t\t\t\t\t\t\t\t\t\t\t<div class=\"carousel-item d-flex flex-column justify-content-center elementor-repeater-item-1c7b2f2 elementor-repeater-item-9bf18a1\">\n\t\t\t\t\t\t\t\t<div class=\"carousel-item-inner pos-rel w-100\">\n\t\t\t\t\t\t\t\t\t<div class=\"carousel-item-content pos-rel w-100\">\n\n\t\t\t\t\t\t\t\t\t\t<p><img decoding=\"async\" src=\"https:\/\/v0.zehome.eu\/wp-content\/uploads\/2024\/03\/main-slideshow-2.jpg\" \/><\/p><h2>300-350 MM AP\u0160ILTINIMAS<\/h2>\t\t\t\t\t\t\t\t\t<\/div>\n\t\t\t\t\t\t\t\t<\/div>\n\t\t\t\t\t\t\t<\/div>\n\t\t\t\t\t\t\t\t\t\t\t\t\t<div class=\"carousel-item d-flex flex-column justify-content-center elementor-repeater-item-1c7b2f2 elementor-repeater-item-9bf18a1 elementor-repeater-item-05420a5\">\n\t\t\t\t\t\t\t\t<div class=\"carousel-item-inner pos-rel w-100\">\n\t\t\t\t\t\t\t\t\t<div class=\"carousel-item-content pos-rel w-100\">\n\n\t\t\t\t\t\t\t\t\t\t<p><img decoding=\"async\" src=\"https:\/\/v0.zehome.eu\/wp-content\/uploads\/2024\/03\/main-2.5.jpg\" \/><\/p><h2>BEVEIK NULINIAI ENERGIJOS NUOSTOLIAI<\/h2>\t\t\t\t\t\t\t\t\t<\/div>\n\t\t\t\t\t\t\t\t<\/div>\n\t\t\t\t\t\t\t<\/div>\n\t\t\t\t\t\t\t\t\t\t\t\t\t<div class=\"carousel-item d-flex flex-column justify-content-center elementor-repeater-item-1c7b2f2 elementor-repeater-item-9bf18a1 elementor-repeater-item-05420a5 elementor-repeater-item-844bfc3\">\n\t\t\t\t\t\t\t\t<div class=\"carousel-item-inner pos-rel w-100\">\n\t\t\t\t\t\t\t\t\t<div class=\"carousel-item-content pos-rel w-100\">\n\n\t\t\t\t\t\t\t\t\t\t<p><img decoding=\"async\" src=\"https:\/\/v0.zehome.eu\/wp-content\/uploads\/2024\/03\/main-slideshow-3.jpg\" \/><\/p><h2>SAUL\u0116S PANEL\u0116S<\/h2>\t\t\t\t\t\t\t\t\t<\/div>\n\t\t\t\t\t\t\t\t<\/div>\n\t\t\t\t\t\t\t<\/div>\n\t\t\t\t\t\t\t\t\t\t\t\t\t<div class=\"carousel-item d-flex flex-column justify-content-center elementor-repeater-item-1c7b2f2 elementor-repeater-item-9bf18a1 elementor-repeater-item-05420a5 elementor-repeater-item-844bfc3 elementor-repeater-item-730a02d\">\n\t\t\t\t\t\t\t\t<div class=\"carousel-item-inner pos-rel w-100\">\n\t\t\t\t\t\t\t\t\t<div class=\"carousel-item-content pos-rel w-100\">\n\n\t\t\t\t\t\t\t\t\t\t<p><img decoding=\"async\" src=\"https:\/\/v0.zehome.eu\/wp-content\/uploads\/2024\/03\/main-slideshow-4.jpg\" \/><\/p><h2>TEIGIAMAS ENERGIJOS BALANSAS<\/h2>\t\t\t\t\t\t\t\t\t<\/div>\n\t\t\t\t\t\t\t\t<\/div>\n\t\t\t\t\t\t\t<\/div>\n\t\t\t\t\t\t\t\t\t\t\t\t\t<div class=\"carousel-item d-flex flex-column justify-content-center elementor-repeater-item-1c7b2f2 elementor-repeater-item-9bf18a1 elementor-repeater-item-05420a5 elementor-repeater-item-844bfc3 elementor-repeater-item-730a02d elementor-repeater-item-64cb872\">\n\t\t\t\t\t\t\t\t<div class=\"carousel-item-inner pos-rel w-100\">\n\t\t\t\t\t\t\t\t\t<div class=\"carousel-item-content pos-rel w-100\">\n\n\t\t\t\t\t\t\t\t\t\t<p><img decoding=\"async\" src=\"https:\/\/v0.zehome.eu\/wp-content\/uploads\/2024\/03\/main-slideshow-5.jpg\" \/><\/p><h2>DENGTA TERASA<\/h2>\t\t\t\t\t\t\t\t\t<\/div>\n\t\t\t\t\t\t\t\t<\/div>\n\t\t\t\t\t\t\t<\/div>\n\t\t\t\t\t\t\t\t\t\t\t\t\t<div class=\"carousel-item d-flex flex-column justify-content-center elementor-repeater-item-1c7b2f2 elementor-repeater-item-9bf18a1 elementor-repeater-item-05420a5 elementor-repeater-item-844bfc3 elementor-repeater-item-730a02d elementor-repeater-item-64cb872 elementor-repeater-item-286fc67\">\n\t\t\t\t\t\t\t\t<div class=\"carousel-item-inner pos-rel w-100\">\n\t\t\t\t\t\t\t\t\t<div class=\"carousel-item-content pos-rel w-100\">\n\n\t\t\t\t\t\t\t\t\t\t<p><img decoding=\"async\" src=\"https:\/\/v0.zehome.eu\/wp-content\/uploads\/2024\/03\/main-slideshow-6.jpg\" \/><\/p><h2>2 AUTOMOBILI\u0172 STOGIN\u0116<\/h2>\t\t\t\t\t\t\t\t\t<\/div>\n\t\t\t\t\t\t\t\t<\/div>\n\t\t\t\t\t\t\t<\/div>\n\t\t\t\t\t\t\t\t\t\t\t\t\t<div class=\"carousel-item d-flex flex-column justify-content-center elementor-repeater-item-1c7b2f2 elementor-repeater-item-9bf18a1 elementor-repeater-item-05420a5 elementor-repeater-item-844bfc3 elementor-repeater-item-730a02d elementor-repeater-item-64cb872 elementor-repeater-item-286fc67 elementor-repeater-item-a1ffd5d\">\n\t\t\t\t\t\t\t\t<div class=\"carousel-item-inner pos-rel w-100\">\n\t\t\t\t\t\t\t\t\t<div class=\"carousel-item-content pos-rel w-100\">\n\n\t\t\t\t\t\t\t\t\t\t<p><img decoding=\"async\" src=\"https:\/\/v0.zehome.eu\/wp-content\/uploads\/2024\/03\/main-slideshow-7.jpg\" \/><\/p><h2>PARUO\u0160TAS \u012eSIKELTI<\/h2>\t\t\t\t\t\t\t\t\t<\/div>\n\t\t\t\t\t\t\t\t<\/div>\n\t\t\t\t\t\t\t<\/div>\n\t\t\t\t\t\t\t\t\t\t\t\t\t<div class=\"carousel-item d-flex flex-column justify-content-center elementor-repeater-item-1c7b2f2 elementor-repeater-item-9bf18a1 elementor-repeater-item-05420a5 elementor-repeater-item-844bfc3 elementor-repeater-item-730a02d elementor-repeater-item-64cb872 elementor-repeater-item-286fc67 elementor-repeater-item-a1ffd5d elementor-repeater-item-9015863\">\n\t\t\t\t\t\t\t\t<div class=\"carousel-item-inner pos-rel w-100\">\n\t\t\t\t\t\t\t\t\t<div class=\"carousel-item-content pos-rel w-100\">\n\n\t\t\t\t\t\t\t\t\t\t<p><img decoding=\"async\" src=\"https:\/\/v0.zehome.eu\/wp-content\/uploads\/2024\/03\/main-slideshow-8.jpg\" \/><\/p><h2>KORPUSINIAI BALDAI VISUOSE KAMBARIUOSE<\/h2>\t\t\t\t\t\t\t\t\t<\/div>\n\t\t\t\t\t\t\t\t<\/div>\n\t\t\t\t\t\t\t<\/div>\n\t\t\t\t\t\t\t\t\t\t\t\t\t<div class=\"carousel-item d-flex flex-column justify-content-center elementor-repeater-item-1c7b2f2 elementor-repeater-item-9bf18a1 elementor-repeater-item-05420a5 elementor-repeater-item-844bfc3 elementor-repeater-item-730a02d elementor-repeater-item-64cb872 elementor-repeater-item-286fc67 elementor-repeater-item-a1ffd5d elementor-repeater-item-9015863 elementor-repeater-item-0b22567\">\n\t\t\t\t\t\t\t\t<div class=\"carousel-item-inner pos-rel w-100\">\n\t\t\t\t\t\t\t\t\t<div class=\"carousel-item-content pos-rel w-100\">\n\n\t\t\t\t\t\t\t\t\t\t<p><img decoding=\"async\" src=\"https:\/\/v0.zehome.eu\/wp-content\/uploads\/2024\/03\/main-slideshow-9.jpg\" \/><\/p><h2>\u012eRENGTA VIRTUV\u0116<\/h2>\t\t\t\t\t\t\t\t\t<\/div>\n\t\t\t\t\t\t\t\t<\/div>\n\t\t\t\t\t\t\t<\/div>\n\t\t\t\t\t\t\t\t\t\t\t\t\t<div class=\"carousel-item d-flex flex-column justify-content-center elementor-repeater-item-1c7b2f2 elementor-repeater-item-9bf18a1 elementor-repeater-item-05420a5 elementor-repeater-item-844bfc3 elementor-repeater-item-730a02d elementor-repeater-item-64cb872 elementor-repeater-item-286fc67 elementor-repeater-item-a1ffd5d elementor-repeater-item-9015863 elementor-repeater-item-0b22567 elementor-repeater-item-fdc02cc\">\n\t\t\t\t\t\t\t\t<div class=\"carousel-item-inner pos-rel w-100\">\n\t\t\t\t\t\t\t\t\t<div class=\"carousel-item-content pos-rel w-100\">\n\n\t\t\t\t\t\t\t\t\t\t<p><img decoding=\"async\" src=\"https:\/\/v0.zehome.eu\/wp-content\/uploads\/2024\/03\/main-slideshow-10.jpg\" \/><\/p><h2>\u012eRENGTI TUALETAI<\/h2>\t\t\t\t\t\t\t\t\t<\/div>\n\t\t\t\t\t\t\t\t<\/div>\n\t\t\t\t\t\t\t<\/div>\n\t\t\t\t\t\t\t\t\t\t\t\t\t<div class=\"carousel-item d-flex flex-column justify-content-center elementor-repeater-item-1c7b2f2 elementor-repeater-item-9bf18a1 elementor-repeater-item-05420a5 elementor-repeater-item-844bfc3 elementor-repeater-item-730a02d elementor-repeater-item-64cb872 elementor-repeater-item-286fc67 elementor-repeater-item-a1ffd5d elementor-repeater-item-9015863 elementor-repeater-item-0b22567 elementor-repeater-item-fdc02cc elementor-repeater-item-2f7155b\">\n\t\t\t\t\t\t\t\t<div class=\"carousel-item-inner pos-rel w-100\">\n\t\t\t\t\t\t\t\t\t<div class=\"carousel-item-content pos-rel w-100\">\n\n\t\t\t\t\t\t\t\t\t\t<p><img decoding=\"async\" src=\"https:\/\/v0.zehome.eu\/wp-content\/uploads\/2024\/03\/main-slideshow-11.jpg\" \/><\/p><h2>GALIMYB\u0116 \u012eRENGTI SAUN\u0104<\/h2>\t\t\t\t\t\t\t\t\t<\/div>\n\t\t\t\t\t\t\t\t<\/div>\n\t\t\t\t\t\t\t<\/div>\n\t\t\t\t\t\t\t\t\t\t\t\t\t<div class=\"carousel-item d-flex flex-column justify-content-center elementor-repeater-item-1c7b2f2 elementor-repeater-item-9bf18a1 elementor-repeater-item-05420a5 elementor-repeater-item-844bfc3 elementor-repeater-item-730a02d elementor-repeater-item-64cb872 elementor-repeater-item-286fc67 elementor-repeater-item-a1ffd5d elementor-repeater-item-9015863 elementor-repeater-item-0b22567 elementor-repeater-item-fdc02cc elementor-repeater-item-2f7155b elementor-repeater-item-875154a\">\n\t\t\t\t\t\t\t\t<div class=\"carousel-item-inner pos-rel w-100\">\n\t\t\t\t\t\t\t\t\t<div class=\"carousel-item-content pos-rel w-100\">\n\n\t\t\t\t\t\t\t\t\t\t<p><img decoding=\"async\" src=\"https:\/\/v0.zehome.eu\/wp-content\/uploads\/2024\/03\/main-slideshow-12.jpg\" \/><\/p><h2>PARUO\u0160TAS PER 4 M\u0116NESIUS<\/h2>\t\t\t\t\t\t\t\t\t<\/div>\n\t\t\t\t\t\t\t\t<\/div>\n\t\t\t\t\t\t\t<\/div>\n\t\t\t\t\t\t\t\t\t\t\t<\/div>\n\t\t\t\t<\/div>\n\t\t\t<\/div>\n\t\t\t\n\t\t\t\n\t\t<\/div>\n\t\t\t\t<\/div>\n\t\t\t\t<\/div>\n\t\t\t\t<\/div>\n\t\t<div class=\"elementor-element elementor-element-0c38186 e-con-boxed e-con\" data-id=\"0c38186\" data-element_type=\"container\" data-settings=\"{&quot;background_background&quot;:&quot;classic&quot;,&quot;content_width&quot;:&quot;boxed&quot;}\">\n\t\t\t\t\t<div class=\"e-con-inner\">\n\t\t\t\t<div class=\"elementor-element elementor-element-6e262be elementor-widget elementor-widget-hub_fancy_heading\" data-id=\"6e262be\" data-element_type=\"widget\" data-widget_type=\"hub_fancy_heading.default\">\n\t\t\t\t<div class=\"elementor-widget-container\">\n\t\t\t\n\t\t<div id=\"ld-fancy-heading-69ddd3392eb56\" class=\"ld-fancy-heading pos-rel\">\n\t\t\t<h1 class=\"ld-fh-element d-inline-block pos-rel  elementor-heading-title lqd-highlight-classic lqd-highlight-grow-left h1\"  > SUSISIEKITE<\/h1>\t\t<\/div>\n\n\t\t\t\t<\/div>\n\t\t\t\t<\/div>\n\t\t\t\t<div class=\"elementor-element elementor-element-6d7a7a1 elementor-widget elementor-widget-hub_fancy_heading\" data-id=\"6d7a7a1\" data-element_type=\"widget\" data-widget_type=\"hub_fancy_heading.default\">\n\t\t\t\t<div class=\"elementor-widget-container\">\n\t\t\t\n\t\t<div id=\"ld-fancy-heading-69ddd3392ff03\" class=\"ld-fancy-heading pos-rel\">\n\t\t\t<p class=\"ld-fh-element d-inline-block pos-rel  lqd-highlight-classic lqd-highlight-grow-left p\"  > LAUKIAME J\u016aS\u0172 \u017dINUT\u0116S<\/p>\t\t<\/div>\n\n\t\t\t\t<\/div>\n\t\t\t\t<\/div>\n\t\t\t\t\t<\/div>\n\t\t\t\t<\/div>\n\t\t<div class=\"elementor-element elementor-element-42a8f1b e-con-boxed e-con\" data-id=\"42a8f1b\" data-element_type=\"container\" data-settings=\"{&quot;background_background&quot;:&quot;classic&quot;,&quot;content_width&quot;:&quot;boxed&quot;}\">\n\t\t\t\t\t<div class=\"e-con-inner\">\n\t\t\t\t<div class=\"elementor-element elementor-element-f9e5abd elementor-widget__width-initial elementor-widget elementor-widget-ld_cf722\" data-id=\"f9e5abd\" data-element_type=\"widget\" data-widget_type=\"ld_cf722.default\">\n\t\t\t\t<div class=\"elementor-widget-container\">\n\t\t\t\n\t<div class=\"lqd-contact-form lqd-contact-form-inputs-underlined lqd-contact-form-inputs-border-none lqd-contact-form-button-block lqd-contact-form-button-lg lqd-contact-form-inputs-sm\" >\n\t\t\n<div class=\"wpcf7 no-js\" id=\"wpcf7-f15076-o1\" lang=\"lt-LT\" dir=\"ltr\">\n<div class=\"screen-reader-response\"><p role=\"status\" aria-live=\"polite\" aria-atomic=\"true\"><\/p> <ul><\/ul><\/div>\n<form action=\"\/lt\/wp-json\/wp\/v2\/pages\/15071#wpcf7-f15076-o1\" method=\"post\" class=\"wpcf7-form init\" aria-label=\"Kontakt\u0173 forma\" novalidate=\"novalidate\" data-status=\"init\">\n<div style=\"display: none;\">\n<input type=\"hidden\" name=\"_wpcf7\" value=\"15076\" \/>\n<input type=\"hidden\" name=\"_wpcf7_version\" value=\"5.9.3\" \/>\n<input type=\"hidden\" name=\"_wpcf7_locale\" value=\"lt_LT\" \/>\n<input type=\"hidden\" name=\"_wpcf7_unit_tag\" value=\"wpcf7-f15076-o1\" \/>\n<input type=\"hidden\" name=\"_wpcf7_container_post\" value=\"0\" \/>\n<input type=\"hidden\" name=\"_wpcf7_posted_data_hash\" value=\"\" \/>\n<\/div>\n<p><label> J\u016bs\u0173 vardas<br \/>\n<span class=\"wpcf7-form-control-wrap\" data-name=\"your-name\"><input size=\"40\" class=\"wpcf7-form-control wpcf7-text\" autocomplete=\"name\" aria-invalid=\"false\" value=\"\" type=\"text\" name=\"your-name\" \/><\/span> <\/label>\n<\/p>\n<p><label> J\u016bs\u0173 tikslas<br \/>\n<span class=\"wpcf7-form-control-wrap\" data-name=\"your-goal\"><select class=\"wpcf7-form-control wpcf7-select\" aria-invalid=\"false\" name=\"your-goal\"><option value=\"\"><\/option><option value=\"Asmenin\u0117 rezidencija\">Asmenin\u0117 rezidencija<\/option><option value=\"Investicinis projektas\">Investicinis projektas<\/option><option value=\"Vystymo projektas\">Vystymo projektas<\/option><option value=\"Kita\">Kita<\/option><\/select><\/span> <\/label>\n<\/p>\n<p><label> J\u016bs\u0173 el. pa\u0161tas<br \/>\n<span class=\"wpcf7-form-control-wrap\" data-name=\"your-email\"><input size=\"40\" class=\"wpcf7-form-control wpcf7-email wpcf7-validates-as-required wpcf7-text wpcf7-validates-as-email\" autocomplete=\"email\" aria-required=\"true\" aria-invalid=\"false\" value=\"\" type=\"email\" name=\"your-email\" \/><\/span> <\/label>\n<\/p>\n<p><label> J\u016bs\u0173 telefonas<br \/>\n<span class=\"wpcf7-form-control-wrap\" data-name=\"your-phone\"><input size=\"40\" class=\"wpcf7-form-control wpcf7-text wpcf7-validates-as-required\" aria-required=\"true\" aria-invalid=\"false\" value=\"\" type=\"text\" name=\"your-phone\" \/><\/span> <\/label>\n<\/p>\n<p><label> J\u016bs\u0173 \u017einut\u0117<br \/>\n<span class=\"wpcf7-form-control-wrap\" data-name=\"your-message\"><textarea cols=\"40\" rows=\"10\" class=\"wpcf7-form-control wpcf7-textarea\" aria-invalid=\"false\" name=\"your-message\"><\/textarea><\/span> <\/label>\n<\/p>\n<p><input class=\"wpcf7-form-control wpcf7-submit has-spinner\" type=\"submit\" value=\"Si\u0173sti\" \/>\n<\/p><div class=\"wpcf7-response-output\" aria-hidden=\"true\"><\/div>\n<\/form>\n<\/div>\n\t<\/div>\n\n\t\t\t<\/div>\n\t\t\t\t<\/div>\n\t\t\t\t\t<\/div>\n\t\t\t\t<\/div>\n\t\t\t\t\t\t\t<\/div>\n\t\t","protected":false},"excerpt":{"rendered":"<p>MODULINIS MEDINIS KARKASAS 300-350 MM AP\u0160ILTINIMAS BEVEIK NULINIAI ENERGIJOS NUOSTOLIAI SAUL\u0116S PANEL\u0116S TEIGIAMAS ENERGIJOS BALANSAS DENGTA TERASA 2 AUTOMOBILI\u0172 STOGIN\u0116 PARUO\u0160TAS \u012eSIKELTI KORPUSINIAI BALDAI VISUOSE KAMBARIUOSE \u012eRENGTA VIRTUV\u0116 \u012eRENGTI TUALETAI GALIMYB\u0116 \u012eRENGTI SAUN\u0104 PARUO\u0160TAS PER 4 M\u0116NESIUS SUSISIEKITE LAUKIAME J\u016aS\u0172 \u017dINUT\u0116S Your name Your email Your phone Your message<\/p>\n","protected":false},"author":1,"featured_media":0,"parent":0,"menu_order":0,"comment_status":"closed","ping_status":"closed","template":"","meta":{"footnotes":""},"yoast_head":"<!-- This site is optimized with the Yoast SEO plugin v22.3 - https:\/\/yoast.com\/wordpress\/plugins\/seo\/ -->\n<title>KONTAKTAI - ZE HOME<\/title>\n<meta name=\"description\" content=\"Norite su\u017einoti daugiau apie nulin\u0117s energijos namus? Susisiekite su mumis ir mes atsakysime \u012f visus jums r\u016bpimus klausimus.\" \/>\n<meta name=\"robots\" content=\"noindex, follow, max-snippet:-1, max-image-preview:large, max-video-preview:-1\" \/>\n<meta property=\"og:locale\" content=\"lt_LT\" \/>\n<meta property=\"og:type\" content=\"article\" \/>\n<meta property=\"og:title\" content=\"KONTAKTAI - ZE HOME\" \/>\n<meta property=\"og:description\" content=\"Norite su\u017einoti daugiau apie nulin\u0117s energijos namus? Susisiekite su mumis ir mes atsakysime \u012f visus jums r\u016bpimus klausimus.\" \/>\n<meta property=\"og:url\" content=\"https:\/\/v0.zehome.eu\/lt\/kontaktai\/\" \/>\n<meta property=\"og:site_name\" content=\"ZE HOME\" \/>\n<meta property=\"article:modified_time\" content=\"2024-04-06T17:57:20+00:00\" \/>\n<meta property=\"og:image\" content=\"https:\/\/v0.zehome.eu\/wp-content\/uploads\/2024\/03\/main-slideshow-1.jpg\" \/>\n<meta name=\"twitter:card\" content=\"summary_large_image\" \/>\n<meta name=\"twitter:label1\" content=\"Est. reading time\" \/>\n\t<meta name=\"twitter:data1\" content=\"3 minut\u0117s\" \/>\n<script type=\"application\/ld+json\" class=\"yoast-schema-graph\">{\"@context\":\"https:\/\/schema.org\",\"@graph\":[{\"@type\":\"WebPage\",\"@id\":\"https:\/\/v0.zehome.eu\/lt\/kontaktai\/\",\"url\":\"https:\/\/v0.zehome.eu\/lt\/kontaktai\/\",\"name\":\"KONTAKTAI - ZE HOME\",\"isPartOf\":{\"@id\":\"https:\/\/v0.zehome.eu\/#website\"},\"primaryImageOfPage\":{\"@id\":\"https:\/\/v0.zehome.eu\/lt\/kontaktai\/#primaryimage\"},\"image\":{\"@id\":\"https:\/\/v0.zehome.eu\/lt\/kontaktai\/#primaryimage\"},\"thumbnailUrl\":\"https:\/\/v0.zehome.eu\/wp-content\/uploads\/2024\/03\/main-slideshow-1.jpg\",\"datePublished\":\"2022-04-06T11:46:33+00:00\",\"dateModified\":\"2024-04-06T17:57:20+00:00\",\"description\":\"Norite su\u017einoti daugiau apie nulin\u0117s energijos namus? Susisiekite su mumis ir mes atsakysime \u012f visus jums r\u016bpimus klausimus.\",\"breadcrumb\":{\"@id\":\"https:\/\/v0.zehome.eu\/lt\/kontaktai\/#breadcrumb\"},\"inLanguage\":\"lt-LT\",\"potentialAction\":[{\"@type\":\"ReadAction\",\"target\":[\"https:\/\/v0.zehome.eu\/lt\/kontaktai\/\"]}]},{\"@type\":\"ImageObject\",\"inLanguage\":\"lt-LT\",\"@id\":\"https:\/\/v0.zehome.eu\/lt\/kontaktai\/#primaryimage\",\"url\":\"https:\/\/v0.zehome.eu\/wp-content\/uploads\/2024\/03\/main-slideshow-1.jpg\",\"contentUrl\":\"https:\/\/v0.zehome.eu\/wp-content\/uploads\/2024\/03\/main-slideshow-1.jpg\",\"width\":1920,\"height\":1080},{\"@type\":\"BreadcrumbList\",\"@id\":\"https:\/\/v0.zehome.eu\/lt\/kontaktai\/#breadcrumb\",\"itemListElement\":[{\"@type\":\"ListItem\",\"position\":1,\"name\":\"Home\",\"item\":\"https:\/\/v0.zehome.eu\/\"},{\"@type\":\"ListItem\",\"position\":2,\"name\":\"KONTAKTAI\"}]},{\"@type\":\"WebSite\",\"@id\":\"https:\/\/v0.zehome.eu\/#website\",\"url\":\"https:\/\/v0.zehome.eu\/\",\"name\":\"ZE HOME\",\"description\":\"\",\"publisher\":{\"@id\":\"https:\/\/v0.zehome.eu\/#organization\"},\"potentialAction\":[{\"@type\":\"SearchAction\",\"target\":{\"@type\":\"EntryPoint\",\"urlTemplate\":\"https:\/\/v0.zehome.eu\/?s={search_term_string}\"},\"query-input\":\"required name=search_term_string\"}],\"inLanguage\":\"lt-LT\"},{\"@type\":\"Organization\",\"@id\":\"https:\/\/v0.zehome.eu\/#organization\",\"name\":\"ZE HOME LTD\",\"url\":\"https:\/\/v0.zehome.eu\/\",\"logo\":{\"@type\":\"ImageObject\",\"inLanguage\":\"lt-LT\",\"@id\":\"https:\/\/v0.zehome.eu\/#\/schema\/logo\/image\/\",\"url\":\"https:\/\/v0.zehome.eu\/wp-content\/uploads\/2024\/03\/logo-black.png\",\"contentUrl\":\"https:\/\/v0.zehome.eu\/wp-content\/uploads\/2024\/03\/logo-black.png\",\"width\":3400,\"height\":720,\"caption\":\"ZE HOME LTD\"},\"image\":{\"@id\":\"https:\/\/v0.zehome.eu\/#\/schema\/logo\/image\/\"}}]}<\/script>\n<!-- \/ Yoast SEO plugin. -->","yoast_head_json":{"title":"KONTAKTAI - ZE HOME","description":"Norite su\u017einoti daugiau apie nulin\u0117s energijos namus? Susisiekite su mumis ir mes atsakysime \u012f visus jums r\u016bpimus klausimus.","robots":{"index":"noindex","follow":"follow","max-snippet":"max-snippet:-1","max-image-preview":"max-image-preview:large","max-video-preview":"max-video-preview:-1"},"og_locale":"lt_LT","og_type":"article","og_title":"KONTAKTAI - ZE HOME","og_description":"Norite su\u017einoti daugiau apie nulin\u0117s energijos namus? Susisiekite su mumis ir mes atsakysime \u012f visus jums r\u016bpimus klausimus.","og_url":"https:\/\/v0.zehome.eu\/lt\/kontaktai\/","og_site_name":"ZE HOME","article_modified_time":"2024-04-06T17:57:20+00:00","og_image":[{"url":"https:\/\/v0.zehome.eu\/wp-content\/uploads\/2024\/03\/main-slideshow-1.jpg"}],"twitter_card":"summary_large_image","twitter_misc":{"Est. reading time":"3 minut\u0117s"},"schema":{"@context":"https:\/\/schema.org","@graph":[{"@type":"WebPage","@id":"https:\/\/v0.zehome.eu\/lt\/kontaktai\/","url":"https:\/\/v0.zehome.eu\/lt\/kontaktai\/","name":"KONTAKTAI - ZE HOME","isPartOf":{"@id":"https:\/\/v0.zehome.eu\/#website"},"primaryImageOfPage":{"@id":"https:\/\/v0.zehome.eu\/lt\/kontaktai\/#primaryimage"},"image":{"@id":"https:\/\/v0.zehome.eu\/lt\/kontaktai\/#primaryimage"},"thumbnailUrl":"https:\/\/v0.zehome.eu\/wp-content\/uploads\/2024\/03\/main-slideshow-1.jpg","datePublished":"2022-04-06T11:46:33+00:00","dateModified":"2024-04-06T17:57:20+00:00","description":"Norite su\u017einoti daugiau apie nulin\u0117s energijos namus? Susisiekite su mumis ir mes atsakysime \u012f visus jums r\u016bpimus klausimus.","breadcrumb":{"@id":"https:\/\/v0.zehome.eu\/lt\/kontaktai\/#breadcrumb"},"inLanguage":"lt-LT","potentialAction":[{"@type":"ReadAction","target":["https:\/\/v0.zehome.eu\/lt\/kontaktai\/"]}]},{"@type":"ImageObject","inLanguage":"lt-LT","@id":"https:\/\/v0.zehome.eu\/lt\/kontaktai\/#primaryimage","url":"https:\/\/v0.zehome.eu\/wp-content\/uploads\/2024\/03\/main-slideshow-1.jpg","contentUrl":"https:\/\/v0.zehome.eu\/wp-content\/uploads\/2024\/03\/main-slideshow-1.jpg","width":1920,"height":1080},{"@type":"BreadcrumbList","@id":"https:\/\/v0.zehome.eu\/lt\/kontaktai\/#breadcrumb","itemListElement":[{"@type":"ListItem","position":1,"name":"Home","item":"https:\/\/v0.zehome.eu\/"},{"@type":"ListItem","position":2,"name":"KONTAKTAI"}]},{"@type":"WebSite","@id":"https:\/\/v0.zehome.eu\/#website","url":"https:\/\/v0.zehome.eu\/","name":"ZE HOME","description":"","publisher":{"@id":"https:\/\/v0.zehome.eu\/#organization"},"potentialAction":[{"@type":"SearchAction","target":{"@type":"EntryPoint","urlTemplate":"https:\/\/v0.zehome.eu\/?s={search_term_string}"},"query-input":"required name=search_term_string"}],"inLanguage":"lt-LT"},{"@type":"Organization","@id":"https:\/\/v0.zehome.eu\/#organization","name":"ZE HOME LTD","url":"https:\/\/v0.zehome.eu\/","logo":{"@type":"ImageObject","inLanguage":"lt-LT","@id":"https:\/\/v0.zehome.eu\/#\/schema\/logo\/image\/","url":"https:\/\/v0.zehome.eu\/wp-content\/uploads\/2024\/03\/logo-black.png","contentUrl":"https:\/\/v0.zehome.eu\/wp-content\/uploads\/2024\/03\/logo-black.png","width":3400,"height":720,"caption":"ZE HOME LTD"},"image":{"@id":"https:\/\/v0.zehome.eu\/#\/schema\/logo\/image\/"}}]}},"_links":{"self":[{"href":"https:\/\/v0.zehome.eu\/lt\/wp-json\/wp\/v2\/pages\/15071"}],"collection":[{"href":"https:\/\/v0.zehome.eu\/lt\/wp-json\/wp\/v2\/pages"}],"about":[{"href":"https:\/\/v0.zehome.eu\/lt\/wp-json\/wp\/v2\/types\/page"}],"author":[{"embeddable":true,"href":"https:\/\/v0.zehome.eu\/lt\/wp-json\/wp\/v2\/users\/1"}],"replies":[{"embeddable":true,"href":"https:\/\/v0.zehome.eu\/lt\/wp-json\/wp\/v2\/comments?post=15071"}],"version-history":[{"count":4,"href":"https:\/\/v0.zehome.eu\/lt\/wp-json\/wp\/v2\/pages\/15071\/revisions"}],"predecessor-version":[{"id":15075,"href":"https:\/\/v0.zehome.eu\/lt\/wp-json\/wp\/v2\/pages\/15071\/revisions\/15075"}],"wp:attachment":[{"href":"https:\/\/v0.zehome.eu\/lt\/wp-json\/wp\/v2\/media?parent=15071"}],"curies":[{"name":"wp","href":"https:\/\/api.w.org\/{rel}","templated":true}]}}