{"id":15032,"date":"2023-04-05T07:26:10","date_gmt":"2023-04-05T04:26:10","guid":{"rendered":"https:\/\/v0.zehome.eu\/?page_id=15032"},"modified":"2024-04-06T10:47:11","modified_gmt":"2024-04-06T07:47:11","slug":"privatumo-politika","status":"publish","type":"page","link":"https:\/\/v0.zehome.eu\/lt\/privatumo-politika\/","title":{"rendered":"PRIVATUMO POLITIKA"},"content":{"rendered":"\t\t<div data-elementor-type=\"wp-page\" data-elementor-id=\"15032\" class=\"elementor elementor-15032\">\n\t\t\t\t\t\t\t<div class=\"elementor-element elementor-element-14e3ecf e-con-boxed e-con\" data-id=\"14e3ecf\" data-element_type=\"container\" data-settings=\"{&quot;background_background&quot;:&quot;classic&quot;,&quot;content_width&quot;:&quot;boxed&quot;}\">\n\t\t\t\t\t<div class=\"e-con-inner\">\n\t\t\t\t<div class=\"elementor-element elementor-element-5791c29 elementor-widget elementor-widget-ld_button\" data-id=\"5791c29\" data-element_type=\"widget\" id=\"backbutton\" data-widget_type=\"ld_button.default\">\n\t\t\t\t<div class=\"elementor-widget-container\">\n\t\t\t\n\t\t<a  class=\"elementor-button btn align-items-center justify-content-center pos-rel overflow-hidden ws-nowrap btn-solid btn-has-label\" >\n\t\t\t\t\t\t\t<span class=\"btn-txt d-block pos-rel z-index-3\"  data-text=\"ATGAL\" >\n\t\t\t\t\t\t\t\t\t\t\tATGAL\t\t\t\t\t\t\t\t\t<\/span>\n\t\t\t\t\t\t\t\t<\/a>\n\n\t\t\t\t<\/div>\n\t\t\t\t<\/div>\n\t\t\t\t<div class=\"elementor-element elementor-element-12fd723 elementor-widget elementor-widget-html\" data-id=\"12fd723\" data-element_type=\"widget\" data-widget_type=\"html.default\">\n\t\t\t\t<div class=\"elementor-widget-container\">\n\t\t\t<script>\njQuery(document).ready(function($){\n$(\"#backbutton\").click(function (){\n  window.history.back();\n});\n});\n<\/script>\t\t<\/div>\n\t\t\t\t<\/div>\n\t\t\t\t<div class=\"elementor-element elementor-element-8e5e8d8 elementor-widget elementor-widget-text-editor\" data-id=\"8e5e8d8\" data-element_type=\"widget\" data-widget_type=\"text-editor.default\">\n\t\t\t\t<div class=\"elementor-widget-container\">\n\t\t\t<style>\/*! elementor - v3.12.1 - 02-04-2023 *\/\n.elementor-widget-text-editor.elementor-drop-cap-view-stacked .elementor-drop-cap{background-color:#69727d;color:#fff}.elementor-widget-text-editor.elementor-drop-cap-view-framed .elementor-drop-cap{color:#69727d;border:3px solid;background-color:transparent}.elementor-widget-text-editor:not(.elementor-drop-cap-view-default) .elementor-drop-cap{margin-top:8px}.elementor-widget-text-editor:not(.elementor-drop-cap-view-default) .elementor-drop-cap-letter{width:1em;height:1em}.elementor-widget-text-editor .elementor-drop-cap{float:left;text-align:center;line-height:1;font-size:50px}.elementor-widget-text-editor .elementor-drop-cap-letter{display:inline-block}<\/style>\t\t\t\t<h1>Privatumo politika<\/h1>\nInterneto svetain\u0117je v0.zehome.eu, prieinamoje adresu https:\/\/v0.zehome.eu, vienas i\u0161 m\u016bs\u0173 pagrindini\u0173 prioritet\u0173 yra m\u016bs\u0173 lankytoj\u0173 privatumas. \u0160is dokumentas, Privatumo Politika, apra\u0161o informacijos, renkamos ir kaupiamos v0.zehome.eu, tipus bei naudojimo b\u016bdus.\n\nJei turite papildom\u0173 klausim\u0173 arba norite su\u017einoti daugiau informacijos apie m\u016bs\u0173 Privatumo Politika \u2013 susisiekite.\n\n\u0160i Privatumo Politika taikoma tik m\u016bs\u0173 skaitmeninei veiklai ir taikoma tik m\u016bs\u0173 interneto svetain\u0117s lankytojams bei informacijai, pasidalintai ar kaupiamai v0.zehome.eu interneto svetain\u0117je. \u0160i politika n\u0117ra taikoma informacijai, renkamai ne skaitmenin\u0117je erdv\u0117je arba kitais, nei internetinis puslapis, kanalais.\n<h2>Sutikimas<\/h2>\nNaudodamiesi m\u016bs\u0173 internetine svetaine, sutinkate su m\u016bs\u0173 Privatumo Politika ir jos s\u0105lygomis.\n<h2>M\u016bs\u0173 renkama informacija<\/h2>\nAsmenin\u0117 informacija, kuri\u0105 j\u016bs b\u016bsite pra\u0161omas pateikti, ir prie\u017eastys, d\u0117l kuri\u0173 jos bus pra\u0161oma, bus ai\u0161kiai \u012fvardintos tuo metu, kai pra\u0161ysime pateikti asmenin\u0119 informacij\u0105.\n\nJei susisieksite su mumis asmeni\u0161kai, galime gauti papildomos informacijos apie jus, pvz. vardas, el. pa\u0161to adresas, telefono numeris, \u017einut\u0117s turinys ir\/ar priedai, kuriuos galimai atsi\u0173site bei bet kokia kita informacija j\u016bs pasirinksite suteikti.\n\nJei registruosite savo anket\u0105, galime j\u016bs\u0173 papra\u0161yti kontaktin\u0117s informacijos, pvz. vardas, \u012fmon\u0117s pavadinimas, adresas, el. pa\u0161to adresas, telefono numeris.\n<h2>Kaip naudojame j\u016bs\u0173 informacij\u0105<\/h2>\nM\u016bs\u0173 kaupiam\u0105 informacij\u0105 naudojame \u012fvairiais b\u016bdais, \u012fskaitant:\n<ul>\n \t<li>Interneto svetain\u0117s veiklos u\u017etikrinimas ir palaikymas<\/li>\n \t<li>Interneto svetain\u0117s tobulinimas, personalizavimas bei pl\u0117tra<\/li>\n \t<li>Supratimas, kaip naudojat\u0117s m\u016bs\u0173 interneto svetaine<\/li>\n \t<li>Nauj\u0173 produkt\u0173, paslaug\u0173, funkcij\u0173 diegimas<\/li>\n \t<li>Komunikacija su jumis, tiesiogiai arba per m\u016bs\u0173 partnerius, \u012fskaitant klient\u0173 aptarnavim\u0105, jog suteiktume jums naujienas bei kit\u0105 informacij\u0105, susijusi\u0105 su m\u016bs\u0173 internetine svetaine, taip pat marketingo ir reklamos tikslais<\/li>\n \t<li>El. lai\u0161k\u0173 siuntimas<\/li>\n \t<li>Suk\u010diavimo suradimas ir eliminavimas<\/li>\n<\/ul>\n<h2>\u017durnalo failai (Log files)<\/h2>\nZehome.eu interneto svetain\u0117 seka standartin\u0119 \u017eurnalo fail\u0173 naudojimo proced\u016br\u0105. \u0160ie failai registruoja lankytojus, kai jie apsilanko interneto svetain\u0117se. Visos hostingo kompanijos tai daro, ir tai yra dalis hostingo paslaug\u0173 analiz\u0117s. Informacija, renkama \u017eurnalo fail\u0173, \u012fskaito interneto protokol\u0173 (IP) adresus, nar\u0161ykl\u0117s tip\u0105, interneto paslaug\u0173 tiek\u0117j\u0105 (ISP), dat\u0105, laik\u0105, nukreipus\u012f bei i\u0161\u0117jimo puslapius, ir, galimai, paspaudim\u0173 kiek\u012f. \u0160i informacija n\u0117ra susijusi su asmeni\u0161kai identifikuojama informacija. \u0160ios informacijos tikslas \u2013 tendencij\u0173 analiz\u0117, puslapio administravimas, lankytoj\u0173 veiksm\u0173 sekimas ir demografin\u0117s informacijos rinkimas.\n<h2>Slapukai (Cookies) ir \u017einiatinklio indikatoriai (Web beacons)<\/h2>\nKaip ir bet kokia kita, v0.zehome.eu interneto svetain\u0117, naudoja slapukus. \u0160ie slapukai yra naudojami informacijos apie lankytoj\u0173 pageidavimus bei puslapius, prieitus arba aplankytus lankytoj\u0173, kaupimui. \u0160i informacija yra naudojama, jog b\u016bt\u0173 optimizuota lankytoj\u0173 patirtis, pritaikant m\u016bs\u0173 internetin\u0117s svetain\u0117s turin\u012f pagal lankytoj\u0173 nar\u0161ykl\u0117s tip\u0105 ir\/arba kit\u0105 informacij\u0105.\n\nJog su\u017einotum\u0117te daugiau bazin\u0117s informacijos apie slapukus, pra\u0161ome perskaityti\u00a0<a href=\"https:\/\/www.privacypolicyonline.com\/what-are-cookies\/\">\u201cKas yra slapukai\u201d<\/a>.\n<h2>Reklamos partneri\u0173 Privatumo Politika<\/h2>\nGalite per\u017evelgti \u0161\u012f sara\u0161\u0105, jog rastum\u0117te Privatumo Politik\u0105 kiekvienam i\u0161 v0.zehome.eu internetin\u0117s svetain\u0117s reklamos partneri\u0173.\n\nTre\u010di\u0173 \u0161ali\u0173 reklam\u0173 serveriai ar platformos naudoja tokias technologijas, kaip slapukai, JavaScript ar \u017einiatinklio indikatoriai, kurie naudojami j\u0173 atitinkamose reklamose ir nuorodose, kurios pasiekiamos per\u00a0v0.zehome.eu internetin\u0119 svetain\u0119, bei kurios siun\u010diamios tiesiogiai \u012f lankytojo nar\u0161ykl\u0119. Kai tai \u012fvyksta, jie automati\u0161kai gauna j\u016bs\u0173 IP adres\u0105. \u0160ios technologijos yra naudojamos, jog i\u0161matuot\u0173 j\u0173 reklamos kampanij\u0173 efektyvum\u0105 ir\/arba personalizuot\u0173 reklamos turin\u012f, kur\u012f matote tinklapiuose, kuriuose lankot\u0117s.\n\nZehome.eu neturi prieigos ar kontrol\u0117s prie \u0161i\u0173 slapuk\u0173, naudojam\u0173 tre\u010di\u0173j\u0173 \u0161ali\u0173 reklamuotoj\u0173.\n<h2>Tre\u010di\u0173j\u0173 \u0161ali\u0173 Privatumo Politika<\/h2>\nZehome.eu internetin\u0117s svetain\u0117s Privatumo Politika netaikoma kitiems reklamuotojams ar tinklapiams. Tod\u0117l, si\u016blome jums per\u017evelgti atitinkamas \u0161i\u0173 tre\u010di\u0173j\u0173 \u0161ali\u0173 reklam\u0173 serveri\u0173 Privatumo Politikas, jog gautum\u0117te daugiau detalios informacijos. Jos gali tur\u0117ti informacijos apie tai, kokios praktikos yra naudojamos, bei instrukcijas, kaip atsisakyti tam tikr\u0173 pasirinkim\u0173.\n\nGalite pasirinkti i\u0161jungti slapukus savo nar\u0161ykl\u0117s nustatymuose. Jei norite su\u017einoti daugiau detalios informacijos apie slapuk\u0173 valdym\u0173 tam tikrose nar\u0161ykl\u0117se, j\u0105 galima rasti atitinkam\u0173 nar\u0161ykli\u0173 interneto svetain\u0117se.\n<h2>GDPR duomen\u0173 apsaugos teis\u0117s<\/h2>\nNor\u0117tume \u012fsitikinti, jog esate pilnai informuotas apie j\u016bs\u0173 duomen\u0173 apsaugos teises. Kiekvienas lankytojas turi teis\u0119 \u012f:\n\nTeis\u0119 \u012f prieig\u0105 \u2013 turite teis\u0119 papra\u0161yti savo duomen\u0173 kopij\u0173. U\u017e \u0161i\u0105 paslaug\u0105 galime papra\u0161yti nedidelio mokes\u010dio.\n\nTeis\u0119 \u012f i\u0161taisym\u0105 \u2013 turit\u0119 teis\u0119 pra\u0161yti, jog mes i\u0161taisytume bet koki\u0105, j\u016bs\u0173 \u012fsitikinimu neteising\u0105, informacij\u0105. Taip pat turite teis\u0119 pra\u0161yti, jog papildytume bet koki\u0105, j\u016bs\u0173 \u012fsitikinimu nepiln\u0105, informacij\u0105.\n\nTeis\u0119 \u012f i\u0161trinim\u0105 \u2013 turite teis\u0119 pra\u0161yti, jog tam tikroms s\u0105lygoms esant i\u0161trintume j\u016bs\u0173 asmens duomenis.\n\nTeis\u0119 \u012f apdorojimo apribojim\u0105 \u2013 turite teis\u0119 pra\u0161yti, jog tam tikroms s\u0105lygoms esant apribotume j\u016bs\u0173 asmens duomen\u0173 apdorojim\u0105.\n\nTeis\u0119 \u012f prie\u0161taravim\u0105 apdorojimui \u2013 tam tikroms s\u0105lygoms esant turite teis\u0119 prie\u0161tarauti j\u016bs\u0173 asmens duomen\u0173 apdorojimui.\n\nTeis\u0119 \u012f duomen\u0173 perkeliamum\u0105 \u2013 tam tikroms s\u0105lygoms esant turite teis\u0119 pra\u0161yti, jog perduotume m\u016bs\u0173 sukauptus duomenis kitai organizacijai arba jums asmeni\u0161kai.\n\nGav\u0119 j\u016bs\u0173 pra\u0161ym\u0105, turime vien\u0105 m\u0117nes\u012f atsakymui. Jei norite kuri\u0105 nors i\u0161 \u0161i\u0173 teisi\u0173 \u012fvykdyti, pra\u0161ome su mumis susisiekti.\n<h2>Informacija d\u0117l vaik\u0173<\/h2>\nKita m\u016bs\u0173 prioritet\u0173 dalis \u2013 vaik\u0173, besinaudojan\u010di\u0173 internetu, apsauga. Raginame t\u0117vus ir glob\u0117jus steb\u0117ti, dalyvauti ir\/arba kontroliuoti bei valdyti j\u0173 veikl\u0105 skaitmenin\u0117je erdv\u0117je.\n\nZehome.eu interneto svetain\u0117 s\u0105moningai nerenka jokios asmen\u012f identifikuoti leid\u017eian\u010dios informacijos i\u0161 vaik\u0173, jaunesni\u0173 nei 13 met\u0173. Jei galvojate, kad j\u016bs\u0173 vaikas suteik\u0117 tokios informacijos m\u016bs\u0173 interneto svetain\u0117je, raginame jus su mumis nedelsiant susisiekti ir pasistengsime operatyviai i\u0161trinti toki\u0105 informacij\u0105 i\u0161 m\u016bs\u0173 \u012fra\u0161\u0173.\t\t\t\t\t\t<\/div>\n\t\t\t\t<\/div>\n\t\t\t\t\t<\/div>\n\t\t\t\t<\/div>\n\t\t\t\t\t\t\t<\/div>\n\t\t","protected":false},"excerpt":{"rendered":"<p>ATGAL Privatumo politika Interneto svetain\u0117je v0.zehome.eu, prieinamoje adresu https:\/\/v0.zehome.eu, vienas i\u0161 m\u016bs\u0173 pagrindini\u0173 prioritet\u0173 yra m\u016bs\u0173 lankytoj\u0173 privatumas. \u0160is dokumentas, Privatumo Politika, apra\u0161o informacijos, renkamos ir kaupiamos v0.zehome.eu, tipus bei naudojimo b\u016bdus. Jei turite papildom\u0173 klausim\u0173 arba norite su\u017einoti daugiau informacijos apie m\u016bs\u0173 Privatumo Politika \u2013 susisiekite. \u0160i Privatumo Politika taikoma tik m\u016bs\u0173 skaitmeninei veiklai [&hellip;]<\/p>\n","protected":false},"author":1,"featured_media":0,"parent":0,"menu_order":0,"comment_status":"closed","ping_status":"closed","template":"","meta":{"footnotes":""},"yoast_head":"<!-- This site is optimized with the Yoast SEO plugin v22.3 - https:\/\/yoast.com\/wordpress\/plugins\/seo\/ -->\n<title>PRIVATUMO POLITIKA - ZE HOME<\/title>\n<meta name=\"robots\" content=\"noindex, follow, max-snippet:-1, max-image-preview:large, max-video-preview:-1\" \/>\n<meta property=\"og:locale\" content=\"lt_LT\" \/>\n<meta property=\"og:type\" content=\"article\" \/>\n<meta property=\"og:title\" content=\"PRIVATUMO POLITIKA - ZE HOME\" \/>\n<meta property=\"og:description\" content=\"ATGAL Privatumo politika Interneto svetain\u0117je v0.zehome.eu, prieinamoje adresu https:\/\/v0.zehome.eu, vienas i\u0161 m\u016bs\u0173 pagrindini\u0173 prioritet\u0173 yra m\u016bs\u0173 lankytoj\u0173 privatumas. \u0160is dokumentas, Privatumo Politika, apra\u0161o informacijos, renkamos ir kaupiamos v0.zehome.eu, tipus bei naudojimo b\u016bdus. Jei turite papildom\u0173 klausim\u0173 arba norite su\u017einoti daugiau informacijos apie m\u016bs\u0173 Privatumo Politika \u2013 susisiekite. \u0160i Privatumo Politika taikoma tik m\u016bs\u0173 skaitmeninei veiklai [&hellip;]\" \/>\n<meta property=\"og:url\" content=\"https:\/\/v0.zehome.eu\/lt\/privatumo-politika\/\" \/>\n<meta property=\"og:site_name\" content=\"ZE HOME\" \/>\n<meta property=\"article:modified_time\" content=\"2024-04-06T07:47:11+00:00\" \/>\n<meta property=\"og:image\" content=\"https:\/\/v0.zehome.eu\/wp-content\/uploads\/2024\/03\/preview.jpg\" \/>\n\t<meta property=\"og:image:width\" content=\"1200\" \/>\n\t<meta property=\"og:image:height\" content=\"675\" \/>\n\t<meta property=\"og:image:type\" content=\"image\/jpeg\" \/>\n<meta name=\"twitter:card\" content=\"summary_large_image\" \/>\n<meta name=\"twitter:label1\" content=\"Est. reading time\" \/>\n\t<meta name=\"twitter:data1\" content=\"4 minut\u0117s\" \/>\n<script type=\"application\/ld+json\" class=\"yoast-schema-graph\">{\"@context\":\"https:\/\/schema.org\",\"@graph\":[{\"@type\":\"WebPage\",\"@id\":\"https:\/\/v0.zehome.eu\/lt\/privatumo-politika\/\",\"url\":\"https:\/\/v0.zehome.eu\/lt\/privatumo-politika\/\",\"name\":\"PRIVATUMO POLITIKA - ZE HOME\",\"isPartOf\":{\"@id\":\"https:\/\/v0.zehome.eu\/#website\"},\"datePublished\":\"2023-04-05T04:26:10+00:00\",\"dateModified\":\"2024-04-06T07:47:11+00:00\",\"breadcrumb\":{\"@id\":\"https:\/\/v0.zehome.eu\/lt\/privatumo-politika\/#breadcrumb\"},\"inLanguage\":\"lt-LT\",\"potentialAction\":[{\"@type\":\"ReadAction\",\"target\":[\"https:\/\/v0.zehome.eu\/lt\/privatumo-politika\/\"]}]},{\"@type\":\"BreadcrumbList\",\"@id\":\"https:\/\/v0.zehome.eu\/lt\/privatumo-politika\/#breadcrumb\",\"itemListElement\":[{\"@type\":\"ListItem\",\"position\":1,\"name\":\"Home\",\"item\":\"https:\/\/v0.zehome.eu\/\"},{\"@type\":\"ListItem\",\"position\":2,\"name\":\"PRIVATUMO POLITIKA\"}]},{\"@type\":\"WebSite\",\"@id\":\"https:\/\/v0.zehome.eu\/#website\",\"url\":\"https:\/\/v0.zehome.eu\/\",\"name\":\"ZE HOME\",\"description\":\"\",\"publisher\":{\"@id\":\"https:\/\/v0.zehome.eu\/#organization\"},\"potentialAction\":[{\"@type\":\"SearchAction\",\"target\":{\"@type\":\"EntryPoint\",\"urlTemplate\":\"https:\/\/v0.zehome.eu\/?s={search_term_string}\"},\"query-input\":\"required name=search_term_string\"}],\"inLanguage\":\"lt-LT\"},{\"@type\":\"Organization\",\"@id\":\"https:\/\/v0.zehome.eu\/#organization\",\"name\":\"ZE HOME LTD\",\"url\":\"https:\/\/v0.zehome.eu\/\",\"logo\":{\"@type\":\"ImageObject\",\"inLanguage\":\"lt-LT\",\"@id\":\"https:\/\/v0.zehome.eu\/#\/schema\/logo\/image\/\",\"url\":\"https:\/\/v0.zehome.eu\/wp-content\/uploads\/2024\/03\/logo-black.png\",\"contentUrl\":\"https:\/\/v0.zehome.eu\/wp-content\/uploads\/2024\/03\/logo-black.png\",\"width\":3400,\"height\":720,\"caption\":\"ZE HOME LTD\"},\"image\":{\"@id\":\"https:\/\/v0.zehome.eu\/#\/schema\/logo\/image\/\"}}]}<\/script>\n<!-- \/ Yoast SEO plugin. -->","yoast_head_json":{"title":"PRIVATUMO POLITIKA - ZE HOME","robots":{"index":"noindex","follow":"follow","max-snippet":"max-snippet:-1","max-image-preview":"max-image-preview:large","max-video-preview":"max-video-preview:-1"},"og_locale":"lt_LT","og_type":"article","og_title":"PRIVATUMO POLITIKA - ZE HOME","og_description":"ATGAL Privatumo politika Interneto svetain\u0117je v0.zehome.eu, prieinamoje adresu https:\/\/v0.zehome.eu, vienas i\u0161 m\u016bs\u0173 pagrindini\u0173 prioritet\u0173 yra m\u016bs\u0173 lankytoj\u0173 privatumas. \u0160is dokumentas, Privatumo Politika, apra\u0161o informacijos, renkamos ir kaupiamos v0.zehome.eu, tipus bei naudojimo b\u016bdus. Jei turite papildom\u0173 klausim\u0173 arba norite su\u017einoti daugiau informacijos apie m\u016bs\u0173 Privatumo Politika \u2013 susisiekite. \u0160i Privatumo Politika taikoma tik m\u016bs\u0173 skaitmeninei veiklai [&hellip;]","og_url":"https:\/\/v0.zehome.eu\/lt\/privatumo-politika\/","og_site_name":"ZE HOME","article_modified_time":"2024-04-06T07:47:11+00:00","og_image":[{"width":1200,"height":675,"url":"https:\/\/v0.zehome.eu\/wp-content\/uploads\/2024\/03\/preview.jpg","type":"image\/jpeg"}],"twitter_card":"summary_large_image","twitter_misc":{"Est. reading time":"4 minut\u0117s"},"schema":{"@context":"https:\/\/schema.org","@graph":[{"@type":"WebPage","@id":"https:\/\/v0.zehome.eu\/lt\/privatumo-politika\/","url":"https:\/\/v0.zehome.eu\/lt\/privatumo-politika\/","name":"PRIVATUMO POLITIKA - ZE HOME","isPartOf":{"@id":"https:\/\/v0.zehome.eu\/#website"},"datePublished":"2023-04-05T04:26:10+00:00","dateModified":"2024-04-06T07:47:11+00:00","breadcrumb":{"@id":"https:\/\/v0.zehome.eu\/lt\/privatumo-politika\/#breadcrumb"},"inLanguage":"lt-LT","potentialAction":[{"@type":"ReadAction","target":["https:\/\/v0.zehome.eu\/lt\/privatumo-politika\/"]}]},{"@type":"BreadcrumbList","@id":"https:\/\/v0.zehome.eu\/lt\/privatumo-politika\/#breadcrumb","itemListElement":[{"@type":"ListItem","position":1,"name":"Home","item":"https:\/\/v0.zehome.eu\/"},{"@type":"ListItem","position":2,"name":"PRIVATUMO POLITIKA"}]},{"@type":"WebSite","@id":"https:\/\/v0.zehome.eu\/#website","url":"https:\/\/v0.zehome.eu\/","name":"ZE HOME","description":"","publisher":{"@id":"https:\/\/v0.zehome.eu\/#organization"},"potentialAction":[{"@type":"SearchAction","target":{"@type":"EntryPoint","urlTemplate":"https:\/\/v0.zehome.eu\/?s={search_term_string}"},"query-input":"required name=search_term_string"}],"inLanguage":"lt-LT"},{"@type":"Organization","@id":"https:\/\/v0.zehome.eu\/#organization","name":"ZE HOME LTD","url":"https:\/\/v0.zehome.eu\/","logo":{"@type":"ImageObject","inLanguage":"lt-LT","@id":"https:\/\/v0.zehome.eu\/#\/schema\/logo\/image\/","url":"https:\/\/v0.zehome.eu\/wp-content\/uploads\/2024\/03\/logo-black.png","contentUrl":"https:\/\/v0.zehome.eu\/wp-content\/uploads\/2024\/03\/logo-black.png","width":3400,"height":720,"caption":"ZE HOME LTD"},"image":{"@id":"https:\/\/v0.zehome.eu\/#\/schema\/logo\/image\/"}}]}},"_links":{"self":[{"href":"https:\/\/v0.zehome.eu\/lt\/wp-json\/wp\/v2\/pages\/15032"}],"collection":[{"href":"https:\/\/v0.zehome.eu\/lt\/wp-json\/wp\/v2\/pages"}],"about":[{"href":"https:\/\/v0.zehome.eu\/lt\/wp-json\/wp\/v2\/types\/page"}],"author":[{"embeddable":true,"href":"https:\/\/v0.zehome.eu\/lt\/wp-json\/wp\/v2\/users\/1"}],"replies":[{"embeddable":true,"href":"https:\/\/v0.zehome.eu\/lt\/wp-json\/wp\/v2\/comments?post=15032"}],"version-history":[{"count":7,"href":"https:\/\/v0.zehome.eu\/lt\/wp-json\/wp\/v2\/pages\/15032\/revisions"}],"predecessor-version":[{"id":15039,"href":"https:\/\/v0.zehome.eu\/lt\/wp-json\/wp\/v2\/pages\/15032\/revisions\/15039"}],"wp:attachment":[{"href":"https:\/\/v0.zehome.eu\/lt\/wp-json\/wp\/v2\/media?parent=15032"}],"curies":[{"name":"wp","href":"https:\/\/api.w.org\/{rel}","templated":true}]}}