{"id":16318,"date":"2023-04-05T07:26:10","date_gmt":"2023-04-05T04:26:10","guid":{"rendered":"https:\/\/v0.zehome.eu\/?page_id=16318"},"modified":"2024-04-24T18:23:39","modified_gmt":"2024-04-24T15:23:39","slug":"privaatsuspoliitika","status":"publish","type":"page","link":"https:\/\/v0.zehome.eu\/et\/privaatsuspoliitika\/","title":{"rendered":"PRIVAATSUSPOLIITIKA"},"content":{"rendered":"\t\t<div data-elementor-type=\"wp-page\" data-elementor-id=\"16318\" class=\"elementor elementor-16318\">\n\t\t\t\t\t\t\t<div class=\"elementor-element elementor-element-14e3ecf e-con-boxed e-con\" data-id=\"14e3ecf\" data-element_type=\"container\" data-settings=\"{&quot;background_background&quot;:&quot;classic&quot;,&quot;content_width&quot;:&quot;boxed&quot;}\">\n\t\t\t\t\t<div class=\"e-con-inner\">\n\t\t\t\t<div class=\"elementor-element elementor-element-5791c29 elementor-widget elementor-widget-ld_button\" data-id=\"5791c29\" data-element_type=\"widget\" id=\"backbutton\" data-widget_type=\"ld_button.default\">\n\t\t\t\t<div class=\"elementor-widget-container\">\n\t\t\t\n\t\t<a  class=\"elementor-button btn align-items-center justify-content-center pos-rel overflow-hidden ws-nowrap btn-solid btn-has-label\" >\n\t\t\t\t\t\t\t<span class=\"btn-txt d-block pos-rel z-index-3\"  data-text=\"TAGASI\" >\n\t\t\t\t\t\t\t\t\t\t\tTAGASI\t\t\t\t\t\t\t\t\t<\/span>\n\t\t\t\t\t\t\t\t<\/a>\n\n\t\t\t\t<\/div>\n\t\t\t\t<\/div>\n\t\t\t\t<div class=\"elementor-element elementor-element-12fd723 elementor-widget elementor-widget-html\" data-id=\"12fd723\" data-element_type=\"widget\" data-widget_type=\"html.default\">\n\t\t\t\t<div class=\"elementor-widget-container\">\n\t\t\t<script>\njQuery(document).ready(function($){\n$(\"#backbutton\").click(function (){\n  window.history.back();\n});\n});\n<\/script>\t\t<\/div>\n\t\t\t\t<\/div>\n\t\t\t\t<div class=\"elementor-element elementor-element-8e5e8d8 elementor-widget elementor-widget-text-editor\" data-id=\"8e5e8d8\" data-element_type=\"widget\" data-widget_type=\"text-editor.default\">\n\t\t\t\t<div class=\"elementor-widget-container\">\n\t\t\t<style>\/*! elementor - v3.12.1 - 02-04-2023 *\/\n.elementor-widget-text-editor.elementor-drop-cap-view-stacked .elementor-drop-cap{background-color:#69727d;color:#fff}.elementor-widget-text-editor.elementor-drop-cap-view-framed .elementor-drop-cap{color:#69727d;border:3px solid;background-color:transparent}.elementor-widget-text-editor:not(.elementor-drop-cap-view-default) .elementor-drop-cap{margin-top:8px}.elementor-widget-text-editor:not(.elementor-drop-cap-view-default) .elementor-drop-cap-letter{width:1em;height:1em}.elementor-widget-text-editor .elementor-drop-cap{float:left;text-align:center;line-height:1;font-size:50px}.elementor-widget-text-editor .elementor-drop-cap-letter{display:inline-block}<\/style>\t\t\t\t<h1>Privaatsuspoliitika<\/h1><p>Veebilehel v0.zehome.eu, mis on k\u00e4ttesaadav aadressil https:\/\/v0.zehome.eu, on \u00fcks meie peamistest prioriteetidest meie k\u00fclastajate privaatsus. K\u00e4esolev privaatsuspoliitika dokument sisaldab teavet, mida v0.zehome.eu kogub ja salvestab, ning seda, kuidas me seda kasutame.<\/p><p>Kui teil on lisak\u00fcsimusi v\u00f5i vajate lisateavet meie privaatsuspoliitika kohta, v\u00f5tke meiega julgelt \u00fchendust.<\/p><p>K\u00e4esolev privaatsuspoliitika kehtib ainult meie veebip\u00f5hise tegevuse kohta ja kehtib meie veebisaidi k\u00fclastajate suhtes seoses teabega, mida nad jagavad ja\/v\u00f5i koguvad veebilehel v0.zehome.eu. K\u00e4esolev poliitika ei kehti teabe kohta, mida kogutakse v\u00e4ljaspool internetti v\u00f5i muude kanalite kaudu kui see veebisait.<\/p><h2>N\u00f5usolek<\/h2><p>Kasutades meie veebisaiti, n\u00f5ustute k\u00e4esolevaga meie privaatsuspoliitikaga ja n\u00f5ustute selle tingimustega.<\/p><h2>Kogutud teave<\/h2><p>Isikuandmed, mida teil palutakse esitada, ja p\u00f5hjused, miks teil palutakse neid esitada, tehakse teile selgeks siis, kui me palume teil oma isikuandmeid esitada.<\/p><p>Kui v\u00f5tate meiega otse \u00fchendust, v\u00f5ime saada teie kohta lisateavet, n\u00e4iteks teie nime, e-posti aadressi, telefoninumbri, meile saadetud s\u00f5numi ja\/v\u00f5i manuste sisu ning mis tahes muud teavet, mida te soovite esitada.<\/p><p>Konto registreerimisel v\u00f5ime k\u00fcsida teie kontaktandmeid, sealhulgas nime, ettev\u00f5tte nime, aadressi, e-posti aadressi ja telefoninumbrit.<\/p><h2>Kuidas me teie andmeid kasutame<\/h2><p>Me kasutame kogutud teavet mitmel viisil, sealhulgas selleks, et:<\/p><ul><li>Meie veebilehe pakkumine, haldamine ja haldamine<\/li><li>Parandada, isikup\u00e4rastada ja laiendada meie veebisaiti<\/li><li>M\u00f5ista ja anal\u00fc\u00fcsida, kuidas te meie veebisaiti kasutate.<\/li><li>uute toodete, teenuste, funktsioonide ja funktsionaalsuse arendamine<\/li><li>suhelda teiega kas otse v\u00f5i m\u00f5ne meie partneri kaudu, sealhulgas klienditeeninduse eesm\u00e4rgil, et edastada teile uuendusi ja muud veebisaidiga seotud teavet ning turundus- ja reklaami eesm\u00e4rgil.<\/li><li>Saada teile e-kirju<\/li><li>Pettuste leidmine ja ennetamine<\/li><\/ul><h2>Logifailid<\/h2><p>Zehome.eu j\u00e4rgib logifailide kasutamisel tavap\u00e4rast korda. Need failid logivad k\u00fclastajad, kui nad k\u00fclastavad veebisaite. K\u00f5ik hostingufirmad teevad seda ja see on osa hostinguteenuste anal\u00fc\u00fcsist. Logifailide abil kogutud teave h\u00f5lmab internetiprotokolli (IP) aadressi, brauseri t\u00fc\u00fcpi, internetiteenuse pakkujat (ISP), kuup\u00e4eva ja kellaaja templit, viitavaid\/v\u00e4ljuvate lehtede arvu ja v\u00f5imalusel ka kl\u00f5psude arvu. Need ei ole seotud \u00fchegi isiklikult tuvastatava teabega. Andmete eesm\u00e4rk on anal\u00fc\u00fcsida suundumusi, hallata veebilehte, j\u00e4lgida kasutajate liikumist veebilehel ja koguda demograafilist teavet.<\/p><h2>K\u00fcpsised ja veebimajakad<\/h2><p>Nagu iga teine veebisait, kasutab ka v0.zehome.eu k\u00fcpsiseid. Neid k\u00fcpsiseid kasutatakse teabe salvestamiseks, sealhulgas k\u00fclastajate eelistuste ja veebilehe lehek\u00fclgede kohta, mida k\u00fclastaja k\u00fclastas v\u00f5i k\u00fclastas. Seda teavet kasutatakse kasutajate kasutuskogemuse optimeerimiseks, kohandades meie veebilehe sisu vastavalt k\u00fclastajate brauseri t\u00fc\u00fcbile ja\/v\u00f5i muule teabele.<\/p><p>\u00dcldisemat teavet k\u00fcpsiste kohta leiate j\u00e4rgmiselt <a href=\"https:\/\/www.privacypolicyonline.com\/what-are-cookies\/\">\u201cMis on k\u00fcpsised\u201d<\/a>.<\/p><h2>Reklaamipartnerid Privaatsuspoliitika<\/h2><p>Sellest nimekirjast leiate iga v0.zehome.eu reklaamipartneri privaatsuspoliitikad.<\/p><p>Kolmandate osapoolte reklaamiserverid v\u00f5i reklaamiv\u00f5rgustikud kasutavad tehnoloogiaid nagu k\u00fcpsised, JavaScript v\u00f5i veebimajakad, mida kasutatakse nende vastavates reklaamides ja linkides, mis ilmuvad veebilehel v0.zehome.eu, mis saadetakse otse kasutajate brauserile. Sellisel juhul saavad nad automaatselt teie IP-aadressi. Neid tehnoloogiaid kasutatakse nende reklaamikampaaniate t\u00f5hususe m\u00f5\u00f5tmiseks ja\/v\u00f5i k\u00fclastatavatel veebisaitidel kuvatava reklaamisisu isikup\u00e4rastamiseks.<\/p><p>Pange t\u00e4hele, et v0.zehome.eu-l ei ole juurdep\u00e4\u00e4su ega kontrolli nende k\u00fcpsiste \u00fcle, mida kasutavad kolmandatest isikutest reklaamijad.<\/p><h2>Kolmandate osapoolte privaatsuspoliitikad<\/h2><p>Zehome.eu privaatsuspoliitika ei kehti teiste reklaamijate v\u00f5i veebisaitide suhtes. Seega soovitame teil \u00fcksikasjalikuma teabe saamiseks tutvuda nende kolmandate osapoolte reklaamiserverite vastavate privaatsuspoliitikatega. See v\u00f5ib sisaldada nende tavasid ja juhiseid selle kohta, kuidas teatud valikutest loobuda.<\/p><p>Saate k\u00fcpsiste keelamise valida oma veebilehitseja valikute kaudu. T\u00e4psemat teavet k\u00fcpsiste haldamise kohta konkreetsete veebilehitsejate puhul leiate veebilehitsejate vastavatelt veebilehtedelt.<\/p><h2>GDPR andmekaitse \u00f5igused<\/h2><p>Soovime tagada, et te oleksite t\u00e4ielikult teadlik k\u00f5igist oma andmekaitse\u00f5igustest. Igal kasutajal on \u00f5igus j\u00e4rgmisele:<\/p><p>\u00d5igus juurdep\u00e4\u00e4sule &#8211; teil on \u00f5igus n\u00f5uda oma isikuandmete koopiaid. Selle teenuse eest v\u00f5ime v\u00f5tta teilt v\u00e4ikese tasu.<\/p><p>\u00d5igus andmete parandamisele &#8211; teil on \u00f5igus n\u00f5uda, et me parandaksime teie arvates ebat\u00e4pseid andmeid. Samuti on teil \u00f5igus n\u00f5uda, et me t\u00e4iendaksime teavet, mis on teie arvates ebat\u00e4ielik.<\/p><p>\u00d5igus andmete kustutamisele &#8211; teil on teatud tingimustel \u00f5igus n\u00f5uda, et me kustutaksime teie isikuandmed.<\/p><p>\u00d5igus piirata t\u00f6\u00f6tlemist &#8211; teil on \u00f5igus n\u00f5uda, et me teatud tingimustel piiraksime teie isikuandmete t\u00f6\u00f6tlemist.<\/p><p>\u00d5igus esitada vastuv\u00e4iteid t\u00f6\u00f6tlemisele &#8211; teil on teatud tingimustel \u00f5igus esitada vastuv\u00e4iteid oma isikuandmete t\u00f6\u00f6tlemisele.<\/p><p>\u00d5igus andmete \u00fclekantavusele &#8211; teil on \u00f5igus n\u00f5uda, et me edastaksime kogutud andmed teatud tingimustel teisele organisatsioonile v\u00f5i otse teile.<\/p><p>Kui te esitate taotluse, on meil \u00fcks kuu aega teile vastata. Kui soovite kasutada m\u00f5nda neist \u00f5igustest, v\u00f5tke meiega \u00fchendust.<\/p><h2>Laste teave<\/h2><p>Teine osa meie prioriteedist on laste kaitse lisamine interneti kasutamise ajal. Me julgustame vanemaid ja eestkostjaid j\u00e4lgima, osalema ja\/v\u00f5i j\u00e4lgima ja suunama nende tegevust internetis.<\/p><p>Zehome.eu ei kogu teadlikult isikuandmeid alla 13-aastastelt lastelt. Kui te arvate, et teie laps on meie veebisaidil selliseid andmeid esitanud, soovitame teil meiega viivitamatult \u00fchendust v\u00f5tta ja me teeme k\u00f5ik endast oleneva, et sellised andmed viivitamatult meie andmetest eemaldada.<\/p>\t\t\t\t\t\t<\/div>\n\t\t\t\t<\/div>\n\t\t\t\t\t<\/div>\n\t\t\t\t<\/div>\n\t\t\t\t\t\t\t<\/div>\n\t\t","protected":false},"excerpt":{"rendered":"<p>TAGASI Privaatsuspoliitika Veebilehel v0.zehome.eu, mis on k\u00e4ttesaadav aadressil https:\/\/v0.zehome.eu, on \u00fcks meie peamistest prioriteetidest meie k\u00fclastajate privaatsus. K\u00e4esolev privaatsuspoliitika dokument sisaldab teavet, mida v0.zehome.eu kogub ja salvestab, ning seda, kuidas me seda kasutame. Kui teil on lisak\u00fcsimusi v\u00f5i vajate lisateavet meie privaatsuspoliitika kohta, v\u00f5tke meiega julgelt \u00fchendust. K\u00e4esolev privaatsuspoliitika kehtib ainult meie veebip\u00f5hise tegevuse kohta [&hellip;]<\/p>\n","protected":false},"author":1,"featured_media":0,"parent":0,"menu_order":0,"comment_status":"closed","ping_status":"closed","template":"","meta":{"footnotes":""},"yoast_head":"<!-- This site is optimized with the Yoast SEO plugin v22.3 - https:\/\/yoast.com\/wordpress\/plugins\/seo\/ -->\n<title>PRIVAATSUSPOLIITIKA - ZE HOME<\/title>\n<meta name=\"robots\" content=\"noindex, follow, max-snippet:-1, max-image-preview:large, max-video-preview:-1\" \/>\n<meta property=\"og:locale\" content=\"et_EE\" \/>\n<meta property=\"og:type\" content=\"article\" \/>\n<meta property=\"og:title\" content=\"PRIVAATSUSPOLIITIKA - ZE HOME\" \/>\n<meta property=\"og:description\" content=\"TAGASI Privaatsuspoliitika Veebilehel v0.zehome.eu, mis on k\u00e4ttesaadav aadressil https:\/\/v0.zehome.eu, on \u00fcks meie peamistest prioriteetidest meie k\u00fclastajate privaatsus. K\u00e4esolev privaatsuspoliitika dokument sisaldab teavet, mida v0.zehome.eu kogub ja salvestab, ning seda, kuidas me seda kasutame. Kui teil on lisak\u00fcsimusi v\u00f5i vajate lisateavet meie privaatsuspoliitika kohta, v\u00f5tke meiega julgelt \u00fchendust. K\u00e4esolev privaatsuspoliitika kehtib ainult meie veebip\u00f5hise tegevuse kohta [&hellip;]\" \/>\n<meta property=\"og:url\" content=\"https:\/\/v0.zehome.eu\/et\/privaatsuspoliitika\/\" \/>\n<meta property=\"og:site_name\" content=\"ZE HOME\" \/>\n<meta property=\"article:modified_time\" content=\"2024-04-24T15:23:39+00:00\" \/>\n<meta property=\"og:image\" content=\"https:\/\/v0.zehome.eu\/wp-content\/uploads\/2024\/03\/preview.jpg\" \/>\n\t<meta property=\"og:image:width\" content=\"1200\" \/>\n\t<meta property=\"og:image:height\" content=\"675\" \/>\n\t<meta property=\"og:image:type\" content=\"image\/jpeg\" \/>\n<meta name=\"twitter:card\" content=\"summary_large_image\" \/>\n<meta name=\"twitter:label1\" content=\"Est. reading time\" \/>\n\t<meta name=\"twitter:data1\" content=\"4 minutit\" \/>\n<script type=\"application\/ld+json\" class=\"yoast-schema-graph\">{\"@context\":\"https:\/\/schema.org\",\"@graph\":[{\"@type\":\"WebPage\",\"@id\":\"https:\/\/v0.zehome.eu\/et\/privaatsuspoliitika\/\",\"url\":\"https:\/\/v0.zehome.eu\/et\/privaatsuspoliitika\/\",\"name\":\"PRIVAATSUSPOLIITIKA - ZE HOME\",\"isPartOf\":{\"@id\":\"https:\/\/v0.zehome.eu\/#website\"},\"datePublished\":\"2023-04-05T04:26:10+00:00\",\"dateModified\":\"2024-04-24T15:23:39+00:00\",\"breadcrumb\":{\"@id\":\"https:\/\/v0.zehome.eu\/et\/privaatsuspoliitika\/#breadcrumb\"},\"inLanguage\":\"et\",\"potentialAction\":[{\"@type\":\"ReadAction\",\"target\":[\"https:\/\/v0.zehome.eu\/et\/privaatsuspoliitika\/\"]}]},{\"@type\":\"BreadcrumbList\",\"@id\":\"https:\/\/v0.zehome.eu\/et\/privaatsuspoliitika\/#breadcrumb\",\"itemListElement\":[{\"@type\":\"ListItem\",\"position\":1,\"name\":\"Home\",\"item\":\"https:\/\/v0.zehome.eu\/\"},{\"@type\":\"ListItem\",\"position\":2,\"name\":\"PRIVAATSUSPOLIITIKA\"}]},{\"@type\":\"WebSite\",\"@id\":\"https:\/\/v0.zehome.eu\/#website\",\"url\":\"https:\/\/v0.zehome.eu\/\",\"name\":\"ZE HOME\",\"description\":\"\",\"publisher\":{\"@id\":\"https:\/\/v0.zehome.eu\/#organization\"},\"potentialAction\":[{\"@type\":\"SearchAction\",\"target\":{\"@type\":\"EntryPoint\",\"urlTemplate\":\"https:\/\/v0.zehome.eu\/?s={search_term_string}\"},\"query-input\":\"required name=search_term_string\"}],\"inLanguage\":\"et\"},{\"@type\":\"Organization\",\"@id\":\"https:\/\/v0.zehome.eu\/#organization\",\"name\":\"ZE HOME LTD\",\"url\":\"https:\/\/v0.zehome.eu\/\",\"logo\":{\"@type\":\"ImageObject\",\"inLanguage\":\"et\",\"@id\":\"https:\/\/v0.zehome.eu\/#\/schema\/logo\/image\/\",\"url\":\"https:\/\/v0.zehome.eu\/wp-content\/uploads\/2024\/03\/logo-black.png\",\"contentUrl\":\"https:\/\/v0.zehome.eu\/wp-content\/uploads\/2024\/03\/logo-black.png\",\"width\":3400,\"height\":720,\"caption\":\"ZE HOME LTD\"},\"image\":{\"@id\":\"https:\/\/v0.zehome.eu\/#\/schema\/logo\/image\/\"}}]}<\/script>\n<!-- \/ Yoast SEO plugin. -->","yoast_head_json":{"title":"PRIVAATSUSPOLIITIKA - ZE HOME","robots":{"index":"noindex","follow":"follow","max-snippet":"max-snippet:-1","max-image-preview":"max-image-preview:large","max-video-preview":"max-video-preview:-1"},"og_locale":"et_EE","og_type":"article","og_title":"PRIVAATSUSPOLIITIKA - ZE HOME","og_description":"TAGASI Privaatsuspoliitika Veebilehel v0.zehome.eu, mis on k\u00e4ttesaadav aadressil https:\/\/v0.zehome.eu, on \u00fcks meie peamistest prioriteetidest meie k\u00fclastajate privaatsus. K\u00e4esolev privaatsuspoliitika dokument sisaldab teavet, mida v0.zehome.eu kogub ja salvestab, ning seda, kuidas me seda kasutame. Kui teil on lisak\u00fcsimusi v\u00f5i vajate lisateavet meie privaatsuspoliitika kohta, v\u00f5tke meiega julgelt \u00fchendust. K\u00e4esolev privaatsuspoliitika kehtib ainult meie veebip\u00f5hise tegevuse kohta [&hellip;]","og_url":"https:\/\/v0.zehome.eu\/et\/privaatsuspoliitika\/","og_site_name":"ZE HOME","article_modified_time":"2024-04-24T15:23:39+00:00","og_image":[{"width":1200,"height":675,"url":"https:\/\/v0.zehome.eu\/wp-content\/uploads\/2024\/03\/preview.jpg","type":"image\/jpeg"}],"twitter_card":"summary_large_image","twitter_misc":{"Est. reading time":"4 minutit"},"schema":{"@context":"https:\/\/schema.org","@graph":[{"@type":"WebPage","@id":"https:\/\/v0.zehome.eu\/et\/privaatsuspoliitika\/","url":"https:\/\/v0.zehome.eu\/et\/privaatsuspoliitika\/","name":"PRIVAATSUSPOLIITIKA - ZE HOME","isPartOf":{"@id":"https:\/\/v0.zehome.eu\/#website"},"datePublished":"2023-04-05T04:26:10+00:00","dateModified":"2024-04-24T15:23:39+00:00","breadcrumb":{"@id":"https:\/\/v0.zehome.eu\/et\/privaatsuspoliitika\/#breadcrumb"},"inLanguage":"et","potentialAction":[{"@type":"ReadAction","target":["https:\/\/v0.zehome.eu\/et\/privaatsuspoliitika\/"]}]},{"@type":"BreadcrumbList","@id":"https:\/\/v0.zehome.eu\/et\/privaatsuspoliitika\/#breadcrumb","itemListElement":[{"@type":"ListItem","position":1,"name":"Home","item":"https:\/\/v0.zehome.eu\/"},{"@type":"ListItem","position":2,"name":"PRIVAATSUSPOLIITIKA"}]},{"@type":"WebSite","@id":"https:\/\/v0.zehome.eu\/#website","url":"https:\/\/v0.zehome.eu\/","name":"ZE HOME","description":"","publisher":{"@id":"https:\/\/v0.zehome.eu\/#organization"},"potentialAction":[{"@type":"SearchAction","target":{"@type":"EntryPoint","urlTemplate":"https:\/\/v0.zehome.eu\/?s={search_term_string}"},"query-input":"required name=search_term_string"}],"inLanguage":"et"},{"@type":"Organization","@id":"https:\/\/v0.zehome.eu\/#organization","name":"ZE HOME LTD","url":"https:\/\/v0.zehome.eu\/","logo":{"@type":"ImageObject","inLanguage":"et","@id":"https:\/\/v0.zehome.eu\/#\/schema\/logo\/image\/","url":"https:\/\/v0.zehome.eu\/wp-content\/uploads\/2024\/03\/logo-black.png","contentUrl":"https:\/\/v0.zehome.eu\/wp-content\/uploads\/2024\/03\/logo-black.png","width":3400,"height":720,"caption":"ZE HOME LTD"},"image":{"@id":"https:\/\/v0.zehome.eu\/#\/schema\/logo\/image\/"}}]}},"_links":{"self":[{"href":"https:\/\/v0.zehome.eu\/et\/wp-json\/wp\/v2\/pages\/16318"}],"collection":[{"href":"https:\/\/v0.zehome.eu\/et\/wp-json\/wp\/v2\/pages"}],"about":[{"href":"https:\/\/v0.zehome.eu\/et\/wp-json\/wp\/v2\/types\/page"}],"author":[{"embeddable":true,"href":"https:\/\/v0.zehome.eu\/et\/wp-json\/wp\/v2\/users\/1"}],"replies":[{"embeddable":true,"href":"https:\/\/v0.zehome.eu\/et\/wp-json\/wp\/v2\/comments?post=16318"}],"version-history":[{"count":10,"href":"https:\/\/v0.zehome.eu\/et\/wp-json\/wp\/v2\/pages\/16318\/revisions"}],"predecessor-version":[{"id":16328,"href":"https:\/\/v0.zehome.eu\/et\/wp-json\/wp\/v2\/pages\/16318\/revisions\/16328"}],"wp:attachment":[{"href":"https:\/\/v0.zehome.eu\/et\/wp-json\/wp\/v2\/media?parent=16318"}],"curies":[{"name":"wp","href":"https:\/\/api.w.org\/{rel}","templated":true}]}}